{"id":36983,"date":"2026-04-15T09:29:46","date_gmt":"2026-04-15T06:29:46","guid":{"rendered":"https:\/\/kervanmagazacilik.com\/?post_type=product&#038;p=36983"},"modified":"2026-04-15T09:29:46","modified_gmt":"2026-04-15T06:29:46","slug":"062063030417","status":"publish","type":"product","link":"https:\/\/kervanmagazacilik.com\/index.php\/urun\/062063030417\/","title":{"rendered":"062063030417"},"content":{"rendered":"<p><strong>062063030417<\/strong><\/p>\n<p id=\"product-title\" class=\"col-10 pl-0\">ROSAL\u0130N BATTANIYE 240X250 ECRU<\/p>\n<p>A Kuma\u015f: %58 PAMUK %32 AKR\u0130L\u0130K %10 POLYESTER B Kuma\u015f; %100 Polyester 30 derece narin y\u0131kama \u00c7ama\u015f\u0131r suyu konamaz Kurutma makinesinde kurutulamaz D\u00fc\u015f\u00fck \u0131s\u0131da \u00fct\u00fclenmelidir ALT GRUP: YATAK ODASI TEKST\u0130L\u0130<br \/>\n%58 PAMUK-%32 AKR\u0130L\u0130K-%10 POLYESTER<\/p>\n","protected":false},"excerpt":{"rendered":"<p>062063030417 ROSAL\u0130N BATTANIYE 240X250 ECRU A Kuma\u015f: %58 PAMUK %32 AKR\u0130L\u0130K %10 POLYESTER B Kuma\u015f; %100 Polyester 30 derece narin y\u0131kama \u00c7ama\u015f\u0131r suyu konamaz Kurutma makinesinde kurutulamaz D\u00fc\u015f\u00fck \u0131s\u0131da \u00fct\u00fclenmelidir ALT GRUP: YATAK ODASI TEKST\u0130L\u0130 %58 PAMUK-%32 AKR\u0130L\u0130K-%10 POLYESTER<\/p>\n","protected":false},"featured_media":36985,"template":"","meta":[],"product_brand":[],"product_cat":[6469],"product_tag":[8140],"class_list":{"0":"post-36983","1":"product","2":"type-product","3":"status-publish","4":"has-post-thumbnail","6":"product_cat-6469","7":"product_tag-8140","9":"first","10":"instock","11":"taxable","12":"shipping-taxable","13":"product-type-simple"},"_links":{"self":[{"href":"https:\/\/kervanmagazacilik.com\/index.php\/wp-json\/wp\/v2\/product\/36983","targetHints":{"allow":["GET"]}}],"collection":[{"href":"https:\/\/kervanmagazacilik.com\/index.php\/wp-json\/wp\/v2\/product"}],"about":[{"href":"https:\/\/kervanmagazacilik.com\/index.php\/wp-json\/wp\/v2\/types\/product"}],"wp:featuredmedia":[{"embeddable":true,"href":"https:\/\/kervanmagazacilik.com\/index.php\/wp-json\/wp\/v2\/media\/36985"}],"wp:attachment":[{"href":"https:\/\/kervanmagazacilik.com\/index.php\/wp-json\/wp\/v2\/media?parent=36983"}],"wp:term":[{"taxonomy":"product_brand","embeddable":true,"href":"https:\/\/kervanmagazacilik.com\/index.php\/wp-json\/wp\/v2\/product_brand?post=36983"},{"taxonomy":"product_cat","embeddable":true,"href":"https:\/\/kervanmagazacilik.com\/index.php\/wp-json\/wp\/v2\/product_cat?post=36983"},{"taxonomy":"product_tag","embeddable":true,"href":"https:\/\/kervanmagazacilik.com\/index.php\/wp-json\/wp\/v2\/product_tag?post=36983"}],"curies":[{"name":"wp","href":"https:\/\/api.w.org\/{rel}","templated":true}]}}