{"id":36980,"date":"2026-04-15T09:28:29","date_gmt":"2026-04-15T06:28:29","guid":{"rendered":"https:\/\/kervanmagazacilik.com\/?post_type=product&#038;p=36980"},"modified":"2026-04-15T09:28:29","modified_gmt":"2026-04-15T06:28:29","slug":"042004802571","status":"publish","type":"product","link":"https:\/\/kervanmagazacilik.com\/index.php\/urun\/042004802571\/","title":{"rendered":"042004802571"},"content":{"rendered":"<p><strong>042004802571<\/strong><\/p>\n<p id=\"product-title\" class=\"col-10 pl-0\">ROSAL\u0130N P\u0130KE TAKIMI 240X250 CK 3 PRC KREM<\/p>\n<p>Kuma\u015f, %100 Polyester<\/p>\n<p>Aksesuar, %100 Polyester<\/p>\n<p>30 derece narin y\u0131kama \u00c7ama\u015f\u0131r suyu konamaz Kurutma makinesinde kurutulamaz D\u00fc\u015f\u00fck \u0131s\u0131da \u00fct\u00fclenmelidir<\/p>\n<p>ALT GRUP: YATAK ODASI TEKST\u0130L\u0130 P\u0130KE: 240X250 CM YASTIK: 50X70 CM (2 ADET)<br \/>\n% 100 POLYESTER<\/p>\n<div class=\"col-2 pr-1 pr-md-0 d-flex justify-content-flex-end\">\n<div class=\"top-share-buttons position-relative\"><\/div>\n<\/div>\n","protected":false},"excerpt":{"rendered":"<p>042004802571 ROSAL\u0130N P\u0130KE TAKIMI 240X250 CK 3 PRC KREM Kuma\u015f, %100 Polyester Aksesuar, %100 Polyester 30 derece narin y\u0131kama \u00c7ama\u015f\u0131r suyu konamaz Kurutma makinesinde kurutulamaz D\u00fc\u015f\u00fck \u0131s\u0131da \u00fct\u00fclenmelidir ALT GRUP: YATAK ODASI TEKST\u0130L\u0130 P\u0130KE: 240X250 CM YASTIK: 50X70 CM (2 ADET) % 100 POLYESTER<\/p>\n","protected":false},"featured_media":36984,"template":"","meta":[],"product_brand":[],"product_cat":[2478],"product_tag":[8139],"class_list":{"0":"post-36980","1":"product","2":"type-product","3":"status-publish","4":"has-post-thumbnail","6":"product_cat-2478","7":"product_tag-8139","9":"first","10":"instock","11":"taxable","12":"shipping-taxable","13":"product-type-simple"},"_links":{"self":[{"href":"https:\/\/kervanmagazacilik.com\/index.php\/wp-json\/wp\/v2\/product\/36980","targetHints":{"allow":["GET"]}}],"collection":[{"href":"https:\/\/kervanmagazacilik.com\/index.php\/wp-json\/wp\/v2\/product"}],"about":[{"href":"https:\/\/kervanmagazacilik.com\/index.php\/wp-json\/wp\/v2\/types\/product"}],"wp:featuredmedia":[{"embeddable":true,"href":"https:\/\/kervanmagazacilik.com\/index.php\/wp-json\/wp\/v2\/media\/36984"}],"wp:attachment":[{"href":"https:\/\/kervanmagazacilik.com\/index.php\/wp-json\/wp\/v2\/media?parent=36980"}],"wp:term":[{"taxonomy":"product_brand","embeddable":true,"href":"https:\/\/kervanmagazacilik.com\/index.php\/wp-json\/wp\/v2\/product_brand?post=36980"},{"taxonomy":"product_cat","embeddable":true,"href":"https:\/\/kervanmagazacilik.com\/index.php\/wp-json\/wp\/v2\/product_cat?post=36980"},{"taxonomy":"product_tag","embeddable":true,"href":"https:\/\/kervanmagazacilik.com\/index.php\/wp-json\/wp\/v2\/product_tag?post=36980"}],"curies":[{"name":"wp","href":"https:\/\/api.w.org\/{rel}","templated":true}]}}