{"id":36928,"date":"2026-04-10T12:00:19","date_gmt":"2026-04-10T09:00:19","guid":{"rendered":"https:\/\/kervanmagazacilik.com\/?post_type=product&#038;p=36928"},"modified":"2026-04-10T12:00:19","modified_gmt":"2026-04-10T09:00:19","slug":"042004802575","status":"publish","type":"product","link":"https:\/\/kervanmagazacilik.com\/index.php\/urun\/042004802575\/","title":{"rendered":"042004802575"},"content":{"rendered":"<p><strong>042004802575<\/strong><\/p>\n<p>SERAY P\u0130KE TAKIMI 240X250 CK 4 PRC ECRU<\/p>\n<div>Kuma\u015f, %100 polyester<\/div>\n<div>Aksesuar, %100 polyester<\/div>\n<div>30 derece y\u0131kama<\/div>\n<div>\u00c7ama\u015f\u0131r suyu konamaz<\/div>\n<div>Kurutma makinesinde kurutulamaz<\/div>\n<div>D\u00fc\u015f\u00fck \u0131s\u0131da \u00fct\u00fclenmelidir<\/div>\n<div><\/div>\n<div>ALT GRUP: P\u0130KE YATAK ODASI<\/div>\n<div>P\u0130KE: 250X260 cm<\/div>\n<div>YASTIK: 50X70 cm (2 ADET)<\/div>\n<div>S\u00dcS YASTIK:<\/div>\n","protected":false},"excerpt":{"rendered":"<p>042004802575 SERAY P\u0130KE TAKIMI 240X250 CK 4 PRC ECRU Kuma\u015f, %100 polyester Aksesuar, %100 polyester 30 derece y\u0131kama \u00c7ama\u015f\u0131r suyu konamaz Kurutma makinesinde kurutulamaz D\u00fc\u015f\u00fck \u0131s\u0131da \u00fct\u00fclenmelidir ALT GRUP: P\u0130KE YATAK ODASI P\u0130KE: 250X260 cm YASTIK: 50X70 cm (2 ADET) S\u00dcS YASTIK:<\/p>\n","protected":false},"featured_media":36930,"template":"","meta":[],"product_brand":[],"product_cat":[2478],"product_tag":[8120],"class_list":{"0":"post-36928","1":"product","2":"type-product","3":"status-publish","4":"has-post-thumbnail","6":"product_cat-2478","7":"product_tag-8120","9":"first","10":"instock","11":"taxable","12":"shipping-taxable","13":"product-type-simple"},"_links":{"self":[{"href":"https:\/\/kervanmagazacilik.com\/index.php\/wp-json\/wp\/v2\/product\/36928","targetHints":{"allow":["GET"]}}],"collection":[{"href":"https:\/\/kervanmagazacilik.com\/index.php\/wp-json\/wp\/v2\/product"}],"about":[{"href":"https:\/\/kervanmagazacilik.com\/index.php\/wp-json\/wp\/v2\/types\/product"}],"wp:featuredmedia":[{"embeddable":true,"href":"https:\/\/kervanmagazacilik.com\/index.php\/wp-json\/wp\/v2\/media\/36930"}],"wp:attachment":[{"href":"https:\/\/kervanmagazacilik.com\/index.php\/wp-json\/wp\/v2\/media?parent=36928"}],"wp:term":[{"taxonomy":"product_brand","embeddable":true,"href":"https:\/\/kervanmagazacilik.com\/index.php\/wp-json\/wp\/v2\/product_brand?post=36928"},{"taxonomy":"product_cat","embeddable":true,"href":"https:\/\/kervanmagazacilik.com\/index.php\/wp-json\/wp\/v2\/product_cat?post=36928"},{"taxonomy":"product_tag","embeddable":true,"href":"https:\/\/kervanmagazacilik.com\/index.php\/wp-json\/wp\/v2\/product_tag?post=36928"}],"curies":[{"name":"wp","href":"https:\/\/api.w.org\/{rel}","templated":true}]}}