{"id":36904,"date":"2026-04-07T11:06:03","date_gmt":"2026-04-07T08:06:03","guid":{"rendered":"https:\/\/kervanmagazacilik.com\/?post_type=product&#038;p=36904"},"modified":"2026-04-07T11:06:03","modified_gmt":"2026-04-07T08:06:03","slug":"002hsh002408","status":"publish","type":"product","link":"https:\/\/kervanmagazacilik.com\/index.php\/urun\/002hsh002408\/","title":{"rendered":"002HSH002408"},"content":{"rendered":"<p><strong>002HSH002408<\/strong><\/p>\n<p>BERL\u0130NCA NEVRES\u0130M TAKIMI 200X220 4 PRC ECRU-TA\u015e<\/p>\n<div>Kuma\u015f: %100 Pamuk<\/div>\n<div>Aksesuar; %100 Pamuk<\/div>\n<div>30 derece narin y\u0131kama<\/div>\n<div>\u00c7ama\u015f\u0131r suyu konamaz<\/div>\n<div>Kurutma makinesinde kurutulamaz<\/div>\n<div>D\u00fc\u015f\u00fck \u0131s\u0131da \u00fct\u00fclenmelidir<\/div>\n<div><\/div>\n<div>ALT GRUP: YATAK ODASI TEKST\u0130L\u0130<\/div>\n<div><\/div>\n<div>NEVRES\u0130M: 200X220 CM<\/div>\n<div>LAST\u0130KL\u0130 \u00c7AR\u015eAF: 160&#215;200+35 cm<\/div>\n<div>OXFORD YASTIK: 50X70 CM (2 ADET)<\/div>\n","protected":false},"excerpt":{"rendered":"<p>002HSH002408 BERL\u0130NCA NEVRES\u0130M TAKIMI 200X220 4 PRC ECRU-TA\u015e Kuma\u015f: %100 Pamuk Aksesuar; %100 Pamuk 30 derece narin y\u0131kama \u00c7ama\u015f\u0131r suyu konamaz Kurutma makinesinde kurutulamaz D\u00fc\u015f\u00fck \u0131s\u0131da \u00fct\u00fclenmelidir ALT GRUP: YATAK ODASI TEKST\u0130L\u0130 NEVRES\u0130M: 200X220 CM LAST\u0130KL\u0130 \u00c7AR\u015eAF: 160&#215;200+35 cm OXFORD YASTIK: 50X70 CM (2 ADET)<\/p>\n","protected":false},"featured_media":36906,"template":"","meta":[],"product_brand":[],"product_cat":[2085],"product_tag":[8111],"class_list":{"0":"post-36904","1":"product","2":"type-product","3":"status-publish","4":"has-post-thumbnail","6":"product_cat-002hsh","7":"product_tag-002hsh002408","9":"first","10":"instock","11":"taxable","12":"shipping-taxable","13":"product-type-simple"},"_links":{"self":[{"href":"https:\/\/kervanmagazacilik.com\/index.php\/wp-json\/wp\/v2\/product\/36904","targetHints":{"allow":["GET"]}}],"collection":[{"href":"https:\/\/kervanmagazacilik.com\/index.php\/wp-json\/wp\/v2\/product"}],"about":[{"href":"https:\/\/kervanmagazacilik.com\/index.php\/wp-json\/wp\/v2\/types\/product"}],"wp:featuredmedia":[{"embeddable":true,"href":"https:\/\/kervanmagazacilik.com\/index.php\/wp-json\/wp\/v2\/media\/36906"}],"wp:attachment":[{"href":"https:\/\/kervanmagazacilik.com\/index.php\/wp-json\/wp\/v2\/media?parent=36904"}],"wp:term":[{"taxonomy":"product_brand","embeddable":true,"href":"https:\/\/kervanmagazacilik.com\/index.php\/wp-json\/wp\/v2\/product_brand?post=36904"},{"taxonomy":"product_cat","embeddable":true,"href":"https:\/\/kervanmagazacilik.com\/index.php\/wp-json\/wp\/v2\/product_cat?post=36904"},{"taxonomy":"product_tag","embeddable":true,"href":"https:\/\/kervanmagazacilik.com\/index.php\/wp-json\/wp\/v2\/product_tag?post=36904"}],"curies":[{"name":"wp","href":"https:\/\/api.w.org\/{rel}","templated":true}]}}