{"id":36886,"date":"2026-04-03T08:31:23","date_gmt":"2026-04-03T05:31:23","guid":{"rendered":"https:\/\/kervanmagazacilik.com\/?post_type=product&#038;p=36886"},"modified":"2026-04-03T08:31:24","modified_gmt":"2026-04-03T05:31:24","slug":"611khc000062","status":"publish","type":"product","link":"https:\/\/kervanmagazacilik.com\/index.php\/urun\/611khc000062\/","title":{"rendered":"611KHC000062"},"content":{"rendered":"<p>611KHC000062<\/p>\n<p>K\u0130TAPLIK+V\u0130TR\u0130N KAHVE 35x247x220cm M-21884<\/p>\n<p>&nbsp;<\/p>\n","protected":false},"excerpt":{"rendered":"<p>611KHC000062 K\u0130TAPLIK+V\u0130TR\u0130N KAHVE 35x247x220cm M-21884 &nbsp;<\/p>\n","protected":false},"featured_media":36887,"template":"","meta":[],"product_brand":[],"product_cat":[136],"product_tag":[8105],"class_list":{"0":"post-36886","1":"product","2":"type-product","3":"status-publish","4":"has-post-thumbnail","6":"product_cat-611khc","7":"product_tag-611khc000062","9":"first","10":"instock","11":"taxable","12":"shipping-taxable","13":"product-type-simple"},"_links":{"self":[{"href":"https:\/\/kervanmagazacilik.com\/index.php\/wp-json\/wp\/v2\/product\/36886","targetHints":{"allow":["GET"]}}],"collection":[{"href":"https:\/\/kervanmagazacilik.com\/index.php\/wp-json\/wp\/v2\/product"}],"about":[{"href":"https:\/\/kervanmagazacilik.com\/index.php\/wp-json\/wp\/v2\/types\/product"}],"wp:featuredmedia":[{"embeddable":true,"href":"https:\/\/kervanmagazacilik.com\/index.php\/wp-json\/wp\/v2\/media\/36887"}],"wp:attachment":[{"href":"https:\/\/kervanmagazacilik.com\/index.php\/wp-json\/wp\/v2\/media?parent=36886"}],"wp:term":[{"taxonomy":"product_brand","embeddable":true,"href":"https:\/\/kervanmagazacilik.com\/index.php\/wp-json\/wp\/v2\/product_brand?post=36886"},{"taxonomy":"product_cat","embeddable":true,"href":"https:\/\/kervanmagazacilik.com\/index.php\/wp-json\/wp\/v2\/product_cat?post=36886"},{"taxonomy":"product_tag","embeddable":true,"href":"https:\/\/kervanmagazacilik.com\/index.php\/wp-json\/wp\/v2\/product_tag?post=36886"}],"curies":[{"name":"wp","href":"https:\/\/api.w.org\/{rel}","templated":true}]}}