{"id":3688,"date":"2024-09-20T10:38:08","date_gmt":"2024-09-20T07:38:08","guid":{"rendered":"https:\/\/kervanmagazacilik.com\/?post_type=product&#038;p=3688"},"modified":"2024-09-20T10:38:09","modified_gmt":"2024-09-20T07:38:09","slug":"611pjf000052-2","status":"publish","type":"product","link":"https:\/\/kervanmagazacilik.com\/index.php\/urun\/611pjf000052-2\/","title":{"rendered":"611PJF000052"},"content":{"rendered":"<p>611PJF000052<\/p>\n<p>YATAK + 2 KOMOD\u0130N 180x200cm PJB02315-PJG007<\/p>\n<p>Di\u015fbudak A\u011fac\u0131<br \/>\nK\u00f6p\u00fck ve Lif<br \/>\nKuma\u015f (%100 Polyester)<\/p>\n<p>KOMOD\u0130N:60x40x60cm<\/p>\n<p>Kuru ve yumu\u015fak bir bez yard\u0131m ile siliniz.<br \/>\nD\u00f6\u015femeyi \u0131s\u0131 ve nemden uzak tutunuz.<br \/>\nD\u00f6\u015femeyi asla do\u011frudan g\u00fcne\u015f \u0131\u015f\u0131\u011f\u0131na maruz b\u0131rakmay\u0131n\u0131z aksi takdirde solma ve renk de\u011fi\u015fiklikleri meydana gelebilir.<br \/>\nY\u0131lda 1 kez profesyonel olarak temizlettirilmelidir.<\/p>\n","protected":false},"excerpt":{"rendered":"<p>611PJF000052 YATAK + 2 KOMOD\u0130N 180x200cm PJB02315-PJG007 Di\u015fbudak A\u011fac\u0131 K\u00f6p\u00fck ve Lif Kuma\u015f (%100 Polyester) KOMOD\u0130N:60x40x60cm Kuru ve yumu\u015fak bir bez yard\u0131m ile siliniz. D\u00f6\u015femeyi \u0131s\u0131 ve nemden uzak tutunuz. D\u00f6\u015femeyi asla do\u011frudan g\u00fcne\u015f \u0131\u015f\u0131\u011f\u0131na maruz b\u0131rakmay\u0131n\u0131z aksi takdirde solma ve renk de\u011fi\u015fiklikleri meydana gelebilir. Y\u0131lda 1 kez profesyonel olarak temizlettirilmelidir.<\/p>\n","protected":false},"featured_media":3689,"template":"","meta":[],"product_brand":[],"product_cat":[76],"product_tag":[604],"class_list":{"0":"post-3688","1":"product","2":"type-product","3":"status-publish","4":"has-post-thumbnail","6":"product_cat-611pjf","7":"product_tag-611pjf000052","9":"first","10":"instock","11":"taxable","12":"shipping-taxable","13":"product-type-simple"},"_links":{"self":[{"href":"https:\/\/kervanmagazacilik.com\/index.php\/wp-json\/wp\/v2\/product\/3688","targetHints":{"allow":["GET"]}}],"collection":[{"href":"https:\/\/kervanmagazacilik.com\/index.php\/wp-json\/wp\/v2\/product"}],"about":[{"href":"https:\/\/kervanmagazacilik.com\/index.php\/wp-json\/wp\/v2\/types\/product"}],"wp:featuredmedia":[{"embeddable":true,"href":"https:\/\/kervanmagazacilik.com\/index.php\/wp-json\/wp\/v2\/media\/3689"}],"wp:attachment":[{"href":"https:\/\/kervanmagazacilik.com\/index.php\/wp-json\/wp\/v2\/media?parent=3688"}],"wp:term":[{"taxonomy":"product_brand","embeddable":true,"href":"https:\/\/kervanmagazacilik.com\/index.php\/wp-json\/wp\/v2\/product_brand?post=3688"},{"taxonomy":"product_cat","embeddable":true,"href":"https:\/\/kervanmagazacilik.com\/index.php\/wp-json\/wp\/v2\/product_cat?post=3688"},{"taxonomy":"product_tag","embeddable":true,"href":"https:\/\/kervanmagazacilik.com\/index.php\/wp-json\/wp\/v2\/product_tag?post=3688"}],"curies":[{"name":"wp","href":"https:\/\/api.w.org\/{rel}","templated":true}]}}