{"id":36865,"date":"2026-04-01T09:20:30","date_gmt":"2026-04-01T06:20:30","guid":{"rendered":"https:\/\/kervanmagazacilik.com\/?post_type=product&#038;p=36865"},"modified":"2026-04-01T09:20:30","modified_gmt":"2026-04-01T06:20:30","slug":"051017000122","status":"publish","type":"product","link":"https:\/\/kervanmagazacilik.com\/index.php\/urun\/051017000122\/","title":{"rendered":"051017000122"},"content":{"rendered":"<p><strong>051017000122<\/strong><\/p>\n<p>ALEZ TEK K\u0130\u015e\u0130L\u0130K LAST\u0130KL\u0130 100 CM<\/p>\n","protected":false},"excerpt":{"rendered":"<p>051017000122 ALEZ TEK K\u0130\u015e\u0130L\u0130K LAST\u0130KL\u0130 100 CM<\/p>\n","protected":false},"featured_media":36878,"template":"","meta":[],"product_brand":[],"product_cat":[28],"product_tag":[8101],"class_list":{"0":"post-36865","1":"product","2":"type-product","3":"status-publish","4":"has-post-thumbnail","6":"product_cat-genel","7":"product_tag-8101","9":"first","10":"instock","11":"taxable","12":"shipping-taxable","13":"product-type-simple"},"_links":{"self":[{"href":"https:\/\/kervanmagazacilik.com\/index.php\/wp-json\/wp\/v2\/product\/36865","targetHints":{"allow":["GET"]}}],"collection":[{"href":"https:\/\/kervanmagazacilik.com\/index.php\/wp-json\/wp\/v2\/product"}],"about":[{"href":"https:\/\/kervanmagazacilik.com\/index.php\/wp-json\/wp\/v2\/types\/product"}],"wp:featuredmedia":[{"embeddable":true,"href":"https:\/\/kervanmagazacilik.com\/index.php\/wp-json\/wp\/v2\/media\/36878"}],"wp:attachment":[{"href":"https:\/\/kervanmagazacilik.com\/index.php\/wp-json\/wp\/v2\/media?parent=36865"}],"wp:term":[{"taxonomy":"product_brand","embeddable":true,"href":"https:\/\/kervanmagazacilik.com\/index.php\/wp-json\/wp\/v2\/product_brand?post=36865"},{"taxonomy":"product_cat","embeddable":true,"href":"https:\/\/kervanmagazacilik.com\/index.php\/wp-json\/wp\/v2\/product_cat?post=36865"},{"taxonomy":"product_tag","embeddable":true,"href":"https:\/\/kervanmagazacilik.com\/index.php\/wp-json\/wp\/v2\/product_tag?post=36865"}],"curies":[{"name":"wp","href":"https:\/\/api.w.org\/{rel}","templated":true}]}}