{"id":36858,"date":"2026-03-31T09:34:32","date_gmt":"2026-03-31T06:34:32","guid":{"rendered":"https:\/\/kervanmagazacilik.com\/?post_type=product&#038;p=36858"},"modified":"2026-03-31T09:34:33","modified_gmt":"2026-03-31T06:34:33","slug":"150063001120","status":"publish","type":"product","link":"https:\/\/kervanmagazacilik.com\/index.php\/urun\/150063001120\/","title":{"rendered":"150063001120"},"content":{"rendered":"<p><strong>150063001120<\/strong><\/p>\n<p>LORENSA YUVARLAK KUTU EKRU<\/p>\n<p>MALZEME: POLYESTER+AH\u015eAP<br \/>\n\u00d6l\u00e7\u00fcler +\/- 5 cm de\u011fi\u015fkenlik g\u00f6sterebilir<br \/>\n\u00c7AP:16 cm<br \/>\nY\u00dcKSEKL\u0130K: 9,5 cm<br \/>\nKURU BEZ \u0130LE TOZ ALINMALIDIR<\/p>\n","protected":false},"excerpt":{"rendered":"<p>150063001120 LORENSA YUVARLAK KUTU EKRU MALZEME: POLYESTER+AH\u015eAP \u00d6l\u00e7\u00fcler +\/- 5 cm de\u011fi\u015fkenlik g\u00f6sterebilir \u00c7AP:16 cm Y\u00dcKSEKL\u0130K: 9,5 cm KURU BEZ \u0130LE TOZ ALINMALIDIR<\/p>\n","protected":false},"featured_media":36860,"template":"","meta":[],"product_brand":[],"product_cat":[2150],"product_tag":[8096],"class_list":{"0":"post-36858","1":"product","2":"type-product","3":"status-publish","4":"has-post-thumbnail","6":"product_cat-2150","7":"product_tag-8096","9":"first","10":"instock","11":"taxable","12":"shipping-taxable","13":"product-type-simple"},"_links":{"self":[{"href":"https:\/\/kervanmagazacilik.com\/index.php\/wp-json\/wp\/v2\/product\/36858","targetHints":{"allow":["GET"]}}],"collection":[{"href":"https:\/\/kervanmagazacilik.com\/index.php\/wp-json\/wp\/v2\/product"}],"about":[{"href":"https:\/\/kervanmagazacilik.com\/index.php\/wp-json\/wp\/v2\/types\/product"}],"wp:featuredmedia":[{"embeddable":true,"href":"https:\/\/kervanmagazacilik.com\/index.php\/wp-json\/wp\/v2\/media\/36860"}],"wp:attachment":[{"href":"https:\/\/kervanmagazacilik.com\/index.php\/wp-json\/wp\/v2\/media?parent=36858"}],"wp:term":[{"taxonomy":"product_brand","embeddable":true,"href":"https:\/\/kervanmagazacilik.com\/index.php\/wp-json\/wp\/v2\/product_brand?post=36858"},{"taxonomy":"product_cat","embeddable":true,"href":"https:\/\/kervanmagazacilik.com\/index.php\/wp-json\/wp\/v2\/product_cat?post=36858"},{"taxonomy":"product_tag","embeddable":true,"href":"https:\/\/kervanmagazacilik.com\/index.php\/wp-json\/wp\/v2\/product_tag?post=36858"}],"curies":[{"name":"wp","href":"https:\/\/api.w.org\/{rel}","templated":true}]}}