{"id":36842,"date":"2026-03-31T09:22:08","date_gmt":"2026-03-31T06:22:08","guid":{"rendered":"https:\/\/kervanmagazacilik.com\/?post_type=product&#038;p=36842"},"modified":"2026-03-31T09:22:10","modified_gmt":"2026-03-31T06:22:10","slug":"150063001111","status":"publish","type":"product","link":"https:\/\/kervanmagazacilik.com\/index.php\/urun\/150063001111\/","title":{"rendered":"150063001111"},"content":{"rendered":"<p><strong>150063001111<\/strong><\/p>\n<p>ROSAL\u0130N KUCUK HURC 40X60X20 KREM<\/p>\n<p>Kuma\u015f, %100 polyester<br \/>\nAksesuar, %100 polyester<br \/>\nSadece kuru temizleme yap\u0131lmal\u0131d\u0131r<\/p>\n","protected":false},"excerpt":{"rendered":"<p>150063001111 ROSAL\u0130N KUCUK HURC 40X60X20 KREM Kuma\u015f, %100 polyester Aksesuar, %100 polyester Sadece kuru temizleme yap\u0131lmal\u0131d\u0131r<\/p>\n","protected":false},"featured_media":36847,"template":"","meta":[],"product_brand":[],"product_cat":[2150],"product_tag":[8091],"class_list":{"0":"post-36842","1":"product","2":"type-product","3":"status-publish","4":"has-post-thumbnail","6":"product_cat-2150","7":"product_tag-8091","9":"first","10":"instock","11":"taxable","12":"shipping-taxable","13":"product-type-simple"},"_links":{"self":[{"href":"https:\/\/kervanmagazacilik.com\/index.php\/wp-json\/wp\/v2\/product\/36842","targetHints":{"allow":["GET"]}}],"collection":[{"href":"https:\/\/kervanmagazacilik.com\/index.php\/wp-json\/wp\/v2\/product"}],"about":[{"href":"https:\/\/kervanmagazacilik.com\/index.php\/wp-json\/wp\/v2\/types\/product"}],"wp:featuredmedia":[{"embeddable":true,"href":"https:\/\/kervanmagazacilik.com\/index.php\/wp-json\/wp\/v2\/media\/36847"}],"wp:attachment":[{"href":"https:\/\/kervanmagazacilik.com\/index.php\/wp-json\/wp\/v2\/media?parent=36842"}],"wp:term":[{"taxonomy":"product_brand","embeddable":true,"href":"https:\/\/kervanmagazacilik.com\/index.php\/wp-json\/wp\/v2\/product_brand?post=36842"},{"taxonomy":"product_cat","embeddable":true,"href":"https:\/\/kervanmagazacilik.com\/index.php\/wp-json\/wp\/v2\/product_cat?post=36842"},{"taxonomy":"product_tag","embeddable":true,"href":"https:\/\/kervanmagazacilik.com\/index.php\/wp-json\/wp\/v2\/product_tag?post=36842"}],"curies":[{"name":"wp","href":"https:\/\/api.w.org\/{rel}","templated":true}]}}