{"id":36789,"date":"2026-03-27T10:39:03","date_gmt":"2026-03-27T07:39:03","guid":{"rendered":"https:\/\/kervanmagazacilik.com\/?post_type=product&#038;p=36789"},"modified":"2026-03-27T10:39:03","modified_gmt":"2026-03-27T07:39:03","slug":"671tls000042","status":"publish","type":"product","link":"https:\/\/kervanmagazacilik.com\/index.php\/urun\/671tls000042\/","title":{"rendered":"671TLS000042"},"content":{"rendered":"<p><strong>671TLS000042<\/strong><\/p>\n<p>DIANA S\u0130YAH YEMEK TAKIMI 61 PAR\u00c7A<\/p>\n<p>12 adet servis tabak: 26,7cm<br \/>\n12 adet yemek tabak: 22,9 cm<br \/>\n12 adet pasta tabak: 20,32 cm<br \/>\n12 adet \u00e7orba kase: 15.3 cm<br \/>\n1 salata kase<br \/>\n6 kay\u0131k<br \/>\n2 tuzluk<br \/>\n2 biberlik<br \/>\n1 tencere<br \/>\n1 tencere kapa\u011f\u0131<\/p>\n<p>QUEEN ENGLAND BONE CHINA NED\u0130R PORSELEN YEMEK TAKIMLARININ ARASINDAK\u0130 FARKLAR NELERD\u0130R?<br \/>\nQueen England Bone China yemek tak\u0131mlar\u0131n\u0131n en belirgin \u00f6zellikleri incelik, p\u00fcr\u00fczs\u00fczl\u00fck ve transparanl\u0131kt\u0131r. Bu tak\u0131mlarda kullan\u0131lan kemik tozu dayan\u0131kl\u0131l\u0131\u011f\u0131, beyazl\u0131\u011f\u0131 ve \u015feffafl\u0131\u011f\u0131 art\u0131r\u0131r. I\u015f\u0131\u011f\u0131 ge\u00e7irecek kadar ince olan Queen England Bone China yemek tak\u0131mlar\u0131, di\u011fer porselen tak\u0131mlara g\u00f6re darbelere ve \u0131s\u0131 de\u011fi\u015fimlerine g\u00f6re \u00e7ok daha dayan\u0131kl\u0131 olmas\u0131 sayesinde kolayca k\u0131r\u0131l\u0131p hasar g\u00f6rmez.<br \/>\nBone China&#8217;n\u0131n dayan\u0131kl\u0131l\u0131\u011f\u0131 ayn\u0131 zamanda kahve, limon gibi leke olu\u015fturabilecek maddelerin iz b\u0131rakmas\u0131n\u0131 da \u00f6nler. Ouartz, feldispat, kaolin gibi do\u011fal kil, ta\u015flar\u0131n kar\u0131\u015f\u0131m\u0131 ve kemik k\u00fcl\u00fc bar\u0131nd\u0131ran tak\u0131mlar, a\u00e7\u0131k krem rengini orijinal ham maddelerinden al\u0131r.<\/p>\n<p>NEDEN BONE CHINA PORSELEN KULLANMALIYIZ?<br \/>\nD\u00fc\u015f\u00fck s\u0131cakl\u0131kta f\u0131r\u0131nlanan porselenlerin normal de\u011ferlerin \u00e7ok \u00fczerinde kur\u015fun ve kadmiyum gibi insan sa\u011fl\u0131na zararl\u0131 a\u011f\u0131r metaller bulunmaktad\u0131r.<br \/>\n\u00dcretim maliyetini %40 oran\u0131nda d\u00fc\u015f\u00fcrd\u00fc\u011f\u00fc i\u00e7in kullan\u0131lan bu y\u00f6ntem sa\u011fl\u0131\u011f\u0131m\u0131z a\u00e7\u0131s\u0131ndan \u00f6nemli bir tehdit olu\u015fturur. Besinlerle temas eden \u00fcr\u00fcnlerde kur\u015fun ve kadmiyum gibi a\u011f\u0131r metaller i\u00e7eren dekor ve boya kullan\u0131m\u0131 sonras\u0131nda bu metaller \u00e7\u00f6z\u00fcnerek yiyeceklere kar\u0131\u015f\u0131r. Kur\u015fun ve kadmiyum v\u00fccudumuzda bulunan t\u00fcm doku ve organlara olumsuz etkiler. Bellekte zay\u0131flama, b\u00f6brek ve ba\u011f\u0131\u015f\u0131kl\u0131k sistemi \u00fczerinde ciddi hasarlara neden olur. Kanserojen etkileri vard\u0131r.<br \/>\nD\u00fcnya \u00e7ap\u0131nda geli\u015ftirilmi\u015f ve g\u00fcvenli\u011fi test edilmi\u015f en son teknoloji teknikleri ile \u00fcretimi ger\u00e7ekle\u015ftiren \u201cQueen England\u201d \u00fcr\u00fcnlerinde kur\u015fun, kadmiyum, sentetik beyazlat\u0131c\u0131 ve benzeri sa\u011fl\u0131\u011fa zararl\u0131 hammaddeleri kullanmaz.<br \/>\n\u00bb Tamamen do\u011fal kemik tozunun en saf hali ile kar\u0131\u015ft\u0131r\u0131larak 1250 derecede f\u0131r\u0131nlan\u0131r,<br \/>\n\u00bb Kemik k\u00fcl\u00fc i\u00e7indeki kalsiyum trifosfat gibi hareket etme \u00f6zelli\u011fi ile yemeklerinizi s\u0131cak tutman\u0131za yard\u0131mc\u0131 olur,<br \/>\n\u00bb Kristalize olmu\u015f y\u00fcksek safl\u0131ktaki kemik k\u00fcl\u00fc daha saydam ve daha sa\u011fl\u0131kl\u0131d\u0131r.<br \/>\n\u00bb Hammaddelerin birle\u015fmesi ile meydana gelen hamur daha yo\u011fun ancak daha hafiftir, &#8220;Queen England\u201d \u00fcr\u00fcnler T\u00fcrk Tar\u0131m Bakanl\u0131\u011f\u0131&#8217;ndan sa\u011fl\u0131k g\u00fcvenirli\u011fi onay\u0131 alm\u0131\u015ft\u0131r.<\/p>\n<p>KULLANIM \u00d6NER\u0130LER\u0130<br \/>\n\u00bb Sert temizlik maddeleri (bula\u015f\u0131k s\u00fcngerinin sert y\u00fczeyi gibi) \u00e7ama\u015f\u0131r suyu ve benzeri kimyasallar \u00fcr\u00fcn\u00fcn desenine zarar verebilece\u011finden yumu\u015fak s\u00fcnger ve s\u0131v\u0131 deterjan kullan\u0131lmas\u0131 \u00f6nerilir.<br \/>\n\u00bb Hassas y\u0131kama program\u0131 ile d\u00fc\u015f\u00fck s\u0131cakl\u0131kta bula\u015f\u0131k makinesinde y\u0131kanabilir.<br \/>\n\u00bb Y\u0131kama esnas\u0131nda metal ve benzeri mutfak gere\u00e7leri ile birlikte y\u0131kamay\u0131n\u0131z.<br \/>\n\u00bb Y\u0131kama esnas\u0131nda \u00fcr\u00fcn\u00fcn\u00fcz\u00fc pasl\u0131 metal y\u00fczeyler ile temas ettirmeyiniz.<br \/>\n\u00bb Tabaklar\u0131 \u00fcst \u00fcste dizerken aralar\u0131na koruyucu \u00f6rt\u00fc sermeyi unutmayan\u0131z.<br \/>\n\u00bb G\u00fcvenli bir yerde, \u00e7ocuklar\u0131n\u0131z\u0131n ula\u015famayaca\u011f\u0131 bir yerde saklamay\u0131 tercih ediniz.<\/p>\n<p>KULLANIM ESNASINDA D\u0130KKAT ED\u0130LMES\u0130 GEREKEN HUSUSLAR<br \/>\n\u00bb Do\u011frudan ate\u015fe temas ettirmeyiniz.<br \/>\n\u00bb Pasl\u0131 metaller ile temas\u0131ndan sak\u0131n\u0131n\u0131z.<br \/>\n\u00bb K\u0131r\u0131k ve \u00e7atlak par\u00e7alar\u0131 kullanmay\u0131n\u0131z.<br \/>\n\u00bb Uzun s\u00fcreli olarak kimyasal i\u00e7erikli maddeler ile temas ettirmeyiniz.<br \/>\n\u00bb Y\u00fcksek derecelerde ani \u0131s\u0131 de\u011fi\u015fikli\u011finden koruyunuz.<\/p>\n<p>DESENL\u0130 YEMEK TAKIMIMI BULA\u015eIK MAK\u0130NES\u0130NDE YIKAMAK DESENLERE ZARAR VER\u0130R M\u0130?<br \/>\nY\u0131kama esnas\u0131nda jel deterjanlar kullan\u0131lmal\u0131 ve 30 derecede k\u0131sa programda y\u0131kama yap\u0131lmal\u0131d\u0131r.<br \/>\nY\u0131kama s\u0131ras\u0131nda porselenlerin birbirleriyle temas halinde olmamalar\u0131na \u00f6zen g\u00f6steriniz.<\/p>\n<p>PORSELENLER\u0130 FIRINDA VE M\u0130KRODALGADA KULLANAB\u0130L\u0130R M\u0130Y\u0130M?<br \/>\nS\u00fcslemelerinde alt\u0131n ya da platin bulunan tak\u0131mlar, kesinlikle mikrodalgada kullan\u0131lamaz. Alt\u0131n, platin desenli ya da desensiz t\u00fcm porselen tak\u0131mlar\u0131n f\u0131r\u0131nda kullan\u0131m\u0131 tavsiye edilmez. \u00c7\u00fcnk\u00fc buzdolab\u0131 ya da dondurucudan \u00e7\u0131kard\u0131ktan sonra h\u0131zl\u0131 de\u011fi\u015fimine tabi tutmak ve \u00e7\u0131plak ate\u015fe maruz b\u0131rakmak, ani \u0131s\u0131 de\u011fi\u015fimi nedeniyle \u015fok etkisi yaratarak \u00e7atlama ve k\u0131r\u0131lmalara neden olabilir.<\/p>\n<p>GARANT\u0130 KAPSAMI<br \/>\nKullanma talimat\u0131na uygun kullan\u0131ld\u0131\u011f\u0131 takdirde hasarl\u0131 par\u00e7alar\u0131n temini veya yedek par\u00e7a<br \/>\nteminat\u0131 2 y\u0131l boyunca garanti alt\u0131ndad\u0131r.<br \/>\nHasarl\u0131 par\u00e7alar\u0131n temin s\u00fcresi, mevcut stok durumu veya ithalat s\u00fcresine g\u00f6re de\u011fi\u015fmektedir.<\/p>\n","protected":false},"excerpt":{"rendered":"<p>671TLS000042 DIANA S\u0130YAH YEMEK TAKIMI 61 PAR\u00c7A 12 adet servis tabak: 26,7cm 12 adet yemek tabak: 22,9 cm 12 adet pasta tabak: 20,32 cm 12 adet \u00e7orba kase: 15.3 cm 1 salata kase 6 kay\u0131k 2 tuzluk 2 biberlik 1 tencere 1 tencere kapa\u011f\u0131 QUEEN ENGLAND BONE CHINA NED\u0130R PORSELEN YEMEK TAKIMLARININ ARASINDAK\u0130 FARKLAR NELERD\u0130R? [&hellip;]<\/p>\n","protected":false},"featured_media":36791,"template":"","meta":[],"product_brand":[],"product_cat":[171],"product_tag":[8073],"class_list":{"0":"post-36789","1":"product","2":"type-product","3":"status-publish","4":"has-post-thumbnail","6":"product_cat-671tls","7":"product_tag-671tls000042","9":"first","10":"instock","11":"taxable","12":"shipping-taxable","13":"product-type-simple"},"_links":{"self":[{"href":"https:\/\/kervanmagazacilik.com\/index.php\/wp-json\/wp\/v2\/product\/36789","targetHints":{"allow":["GET"]}}],"collection":[{"href":"https:\/\/kervanmagazacilik.com\/index.php\/wp-json\/wp\/v2\/product"}],"about":[{"href":"https:\/\/kervanmagazacilik.com\/index.php\/wp-json\/wp\/v2\/types\/product"}],"wp:featuredmedia":[{"embeddable":true,"href":"https:\/\/kervanmagazacilik.com\/index.php\/wp-json\/wp\/v2\/media\/36791"}],"wp:attachment":[{"href":"https:\/\/kervanmagazacilik.com\/index.php\/wp-json\/wp\/v2\/media?parent=36789"}],"wp:term":[{"taxonomy":"product_brand","embeddable":true,"href":"https:\/\/kervanmagazacilik.com\/index.php\/wp-json\/wp\/v2\/product_brand?post=36789"},{"taxonomy":"product_cat","embeddable":true,"href":"https:\/\/kervanmagazacilik.com\/index.php\/wp-json\/wp\/v2\/product_cat?post=36789"},{"taxonomy":"product_tag","embeddable":true,"href":"https:\/\/kervanmagazacilik.com\/index.php\/wp-json\/wp\/v2\/product_tag?post=36789"}],"curies":[{"name":"wp","href":"https:\/\/api.w.org\/{rel}","templated":true}]}}