{"id":36780,"date":"2026-03-27T10:14:41","date_gmt":"2026-03-27T07:14:41","guid":{"rendered":"https:\/\/kervanmagazacilik.com\/?post_type=product&#038;p=36780"},"modified":"2026-03-27T10:14:41","modified_gmt":"2026-03-27T07:14:41","slug":"002hsh002407","status":"publish","type":"product","link":"https:\/\/kervanmagazacilik.com\/index.php\/urun\/002hsh002407\/","title":{"rendered":"002HSH002407"},"content":{"rendered":"<p><strong>002HSH002407<\/strong><\/p>\n<p>ANTON\u0130N NEVRES\u0130M TAKIMI 200X220 4 PRC ECRU-MAV\u0130<\/p>\n<div>Kuma\u015f: %100 Pamuk<\/div>\n<div>Aksesuar; %100 Pamuk<\/div>\n<div>30 derece narin y\u0131kama<\/div>\n<div>\u00c7ama\u015f\u0131r suyu konamaz<\/div>\n<div>Kurutma makinesinde kurutulamaz<\/div>\n<div>D\u00fc\u015f\u00fck \u0131s\u0131da \u00fct\u00fclenmelidir<\/div>\n<div><\/div>\n<div>ALT GRUP: YATAK ODASI TEKST\u0130L\u0130<\/div>\n<div><\/div>\n<div>NEVRES\u0130M: 200X220 CM<\/div>\n<div>LAST\u0130KL\u0130 \u00c7AR\u015eAF: 160&#215;200+35 cm<\/div>\n<div>OXFORD YASTIK: 50X70 CM (2 ADET)<\/div>\n","protected":false},"excerpt":{"rendered":"<p>002HSH002407 ANTON\u0130N NEVRES\u0130M TAKIMI 200X220 4 PRC ECRU-MAV\u0130 Kuma\u015f: %100 Pamuk Aksesuar; %100 Pamuk 30 derece narin y\u0131kama \u00c7ama\u015f\u0131r suyu konamaz Kurutma makinesinde kurutulamaz D\u00fc\u015f\u00fck \u0131s\u0131da \u00fct\u00fclenmelidir ALT GRUP: YATAK ODASI TEKST\u0130L\u0130 NEVRES\u0130M: 200X220 CM LAST\u0130KL\u0130 \u00c7AR\u015eAF: 160&#215;200+35 cm OXFORD YASTIK: 50X70 CM (2 ADET)<\/p>\n","protected":false},"featured_media":36786,"template":"","meta":[],"product_brand":[],"product_cat":[2085],"product_tag":[8069],"class_list":{"0":"post-36780","1":"product","2":"type-product","3":"status-publish","4":"has-post-thumbnail","6":"product_cat-002hsh","7":"product_tag-002hsh002407","9":"first","10":"instock","11":"taxable","12":"shipping-taxable","13":"product-type-simple"},"_links":{"self":[{"href":"https:\/\/kervanmagazacilik.com\/index.php\/wp-json\/wp\/v2\/product\/36780","targetHints":{"allow":["GET"]}}],"collection":[{"href":"https:\/\/kervanmagazacilik.com\/index.php\/wp-json\/wp\/v2\/product"}],"about":[{"href":"https:\/\/kervanmagazacilik.com\/index.php\/wp-json\/wp\/v2\/types\/product"}],"wp:featuredmedia":[{"embeddable":true,"href":"https:\/\/kervanmagazacilik.com\/index.php\/wp-json\/wp\/v2\/media\/36786"}],"wp:attachment":[{"href":"https:\/\/kervanmagazacilik.com\/index.php\/wp-json\/wp\/v2\/media?parent=36780"}],"wp:term":[{"taxonomy":"product_brand","embeddable":true,"href":"https:\/\/kervanmagazacilik.com\/index.php\/wp-json\/wp\/v2\/product_brand?post=36780"},{"taxonomy":"product_cat","embeddable":true,"href":"https:\/\/kervanmagazacilik.com\/index.php\/wp-json\/wp\/v2\/product_cat?post=36780"},{"taxonomy":"product_tag","embeddable":true,"href":"https:\/\/kervanmagazacilik.com\/index.php\/wp-json\/wp\/v2\/product_tag?post=36780"}],"curies":[{"name":"wp","href":"https:\/\/api.w.org\/{rel}","templated":true}]}}