{"id":36773,"date":"2026-03-27T09:44:54","date_gmt":"2026-03-27T06:44:54","guid":{"rendered":"https:\/\/kervanmagazacilik.com\/?post_type=product&#038;p=36773"},"modified":"2026-03-27T09:44:55","modified_gmt":"2026-03-27T06:44:55","slug":"611khc000024-2","status":"publish","type":"product","link":"https:\/\/kervanmagazacilik.com\/index.php\/urun\/611khc000024-2\/","title":{"rendered":"611KHC000024"},"content":{"rendered":"<p><strong>611KHC000024<\/strong><\/p>\n<p>M-6545 MARKIZ 120x40x44cm<\/p>\n<p>MANGO A\u011eACI<\/p>\n<p>KE\u00c7\u0130 DER\u0130S\u0130<\/p>\n","protected":false},"excerpt":{"rendered":"<p>611KHC000024 M-6545 MARKIZ 120x40x44cm MANGO A\u011eACI KE\u00c7\u0130 DER\u0130S\u0130<\/p>\n","protected":false},"featured_media":36777,"template":"","meta":[],"product_brand":[],"product_cat":[136],"product_tag":[1082],"class_list":{"0":"post-36773","1":"product","2":"type-product","3":"status-publish","4":"has-post-thumbnail","6":"product_cat-611khc","7":"product_tag-611khc000024","9":"first","10":"instock","11":"taxable","12":"shipping-taxable","13":"product-type-simple"},"_links":{"self":[{"href":"https:\/\/kervanmagazacilik.com\/index.php\/wp-json\/wp\/v2\/product\/36773","targetHints":{"allow":["GET"]}}],"collection":[{"href":"https:\/\/kervanmagazacilik.com\/index.php\/wp-json\/wp\/v2\/product"}],"about":[{"href":"https:\/\/kervanmagazacilik.com\/index.php\/wp-json\/wp\/v2\/types\/product"}],"wp:featuredmedia":[{"embeddable":true,"href":"https:\/\/kervanmagazacilik.com\/index.php\/wp-json\/wp\/v2\/media\/36777"}],"wp:attachment":[{"href":"https:\/\/kervanmagazacilik.com\/index.php\/wp-json\/wp\/v2\/media?parent=36773"}],"wp:term":[{"taxonomy":"product_brand","embeddable":true,"href":"https:\/\/kervanmagazacilik.com\/index.php\/wp-json\/wp\/v2\/product_brand?post=36773"},{"taxonomy":"product_cat","embeddable":true,"href":"https:\/\/kervanmagazacilik.com\/index.php\/wp-json\/wp\/v2\/product_cat?post=36773"},{"taxonomy":"product_tag","embeddable":true,"href":"https:\/\/kervanmagazacilik.com\/index.php\/wp-json\/wp\/v2\/product_tag?post=36773"}],"curies":[{"name":"wp","href":"https:\/\/api.w.org\/{rel}","templated":true}]}}