{"id":367,"date":"2024-08-12T16:45:16","date_gmt":"2024-08-12T13:45:16","guid":{"rendered":"https:\/\/kervanmagazacilik.com\/?post_type=product&#038;p=367"},"modified":"2024-12-20T11:03:32","modified_gmt":"2024-12-20T08:03:32","slug":"611ac0000480","status":"publish","type":"product","link":"https:\/\/kervanmagazacilik.com\/index.php\/urun\/611ac0000480\/","title":{"rendered":"611AC0000480"},"content":{"rendered":"<p>611AC0000480<\/p>\n<p>V\u0130LLA CHER\u0130E YATAK+2 KOMOD\u0130N KREM<\/p>\n<p>229x243cm N9008017-8137-238-8040-134 PRJ<\/p>\n<p>KOMOD\u0130N:48x86x74cm<\/p>\n<p>Yatak i\u00e7in i\u00e7 yatak \u00f6l\u00e7\u00fcs\u00fc 193 x 203 cm&#8217;dir.<\/p>\n<p>\u00c7er\u00e7eveler yava\u015f kapanan kayd\u0131rmal\u0131 kadife astarl\u0131d\u0131r ve \u00fcst k\u0131sm\u0131 k\u00fclt\u00fcrl\u00fc mermerden yap\u0131lm\u0131\u015ft\u0131r.<\/p>\n<p>Ayaklar , konik bir tasar\u0131ma ve Chardonnay kaplamal\u0131 \u00e7apraz ip motiflere sahiptir.<\/p>\n<p>kasnak \u00e7ekmece kulplar\u0131 ve ayaklar Chardonnay kaplamad\u0131r.<\/p>\n<p>YATAK<\/p>\n<p>Ba\u015fl\u0131k , ayaklar ve yan paneller kadife kapl\u0131d\u0131r.<\/p>\n<p>Ba\u015fl\u0131kta dikey kanall\u0131 tafting ve k\u0131vr\u0131ml\u0131 \u00e7er\u00e7eve bulunur.<\/p>\n<p>\u00c7er\u00e7eve Chardonnay kaplamad\u0131r.<\/p>\n<p style=\"text-align: left;\">Y\u00dcKSEK HAVLI D\u00d6\u015eEMEL\u0130K KUMA\u015eLARIN BAKIMI VE \u00d6NER\u0130LER<br \/>\nAICO, d\u00f6\u015femeli \u00fcr\u00fcnlerde yaln\u0131zca en iyi kuma\u015flar\u0131 kullan\u0131r.<br \/>\nBaz\u0131 kuma\u015flar, bak\u0131m gerektiren t\u00fcyl\u00fc veya uzun t\u00fcyl\u00fc ipliklere<br \/>\nsahiptir. AICO\u2019da , hafif eskitme veya \u201cvintage\u201d bir g\u00f6r\u00fcn\u00fcm elde etmek i\u00e7in \u00f6zel olarak \u00fcretilmi\u015f<br \/>\nKadife ve \u015e\u00f6nil kuma\u015flar kullan\u0131yoruz. Kuma\u015flar\u0131n bu antika veya vintage g\u00f6r\u00fcn\u00fcm\u00fc, kuma\u015f\u0131n<br \/>\nta\u015fla y\u0131kanmas\u0131 ve aprelenmesiyle elde edilir. Kuma\u015f, y\u0131kama ve bitirme i\u015flemi taraf\u0131ndan yap\u0131lan kas\u0131tl\u0131 i\u015faretler<br \/>\ni\u00e7erecektir. Kadife in\u015faat kuma\u015flar\u0131, \u015e\u00f6nil iplikler, S\u00fcet Kuma\u015flar ve Suni K\u00fcrkler, y\u00fcksek havlu iplikler kullanan, t\u00fcyl\u00fc<br \/>\nyayg\u0131n d\u00f6\u015femelik kuma\u015flard\u0131r. Nap veya uzun t\u00fcyl\u00fc iplik kuma\u015flar, kuma\u015f\u0131n par\u00e7an\u0131z\u0131n neresinde bulundu\u011funa ba\u011fl\u0131 olarak<br \/>\n\u0131\u015f\u0131\u011f\u0131 farkl\u0131 \u015fekilde da\u011f\u0131t\u0131r.<br \/>\nI\u015f\u0131k<br \/>\nyay\u0131l\u0131m\u0131 sonucu,<br \/>\nkuma\u015f\u0131n\u0131z d\u00f6\u015femenin<br \/>\nfarkl\u0131 yerlerinde daha<br \/>\na\u00e7\u0131k veya daha koyu<br \/>\nrenkte g\u00f6r\u00fcnebilir. Bu<br \/>\nnedenle, t\u00fcm par\u00e7alar\u0131<br \/>\nuzun t\u00fcyl\u00fc kuma\u015flardaki<br \/>\nhav s\u0131rtlardan a\u015fa\u011f\u0131ya ve<br \/>\nkoltuklar\u0131n arkas\u0131ndan<br \/>\n\u00f6ne do\u011fru uzanacak<br \/>\n\u015fekilde d\u00f6\u015femek<br \/>\nAICO\u2019nun standard\u0131d\u0131r.<br \/>\nUzun havl\u0131 iplikler,<br \/>\nnakliye s\u0131ras\u0131nda<br \/>\nkullan\u0131lan ambalaj<br \/>\nmalzemeleri taraf\u0131ndan<br \/>\ns\u0131k\u0131\u015ft\u0131r\u0131labilir. Bu olursa,<br \/>\nkuma\u015f g\u00f6lgeli, mat veya<br \/>\ni\u015faretli g\u00f6r\u00fcnebilir ancak<br \/>\nherhangi bir \u015fekilde<br \/>\nhasar g\u00f6rmez veya zarar<br \/>\ng\u00f6rmez.<br \/>\nSevkiyat s\u0131ras\u0131nda<br \/>\nambalaj malzemelerinin<br \/>\ns\u0131k\u0131\u015ft\u0131r\u0131lmas\u0131ndan dolay\u0131<br \/>\nhav ipliklerini orijinal<br \/>\nhallerine \u201ca\u00e7mak\u201d veya<br \/>\n\u201cdoldurmak\u201d i\u00e7in l\u00fctfen<br \/>\na\u015fa\u011f\u0131daki talimatlar\u0131<br \/>\nizleyin:<br \/>\n1. Yumu\u015fak, esnek k\u0131llara<br \/>\nsahip bir d\u00f6\u015feme f\u0131r\u00e7as\u0131<br \/>\nkullanarak, hav ipliklerini<br \/>\nkuma\u015f taban\u0131ndan yukar\u0131<br \/>\nve uza\u011fa kald\u0131rmak i\u00e7in<br \/>\nkuma\u015f\u0131 damarlara do\u011fru<br \/>\nf\u0131r\u00e7alay\u0131n; kuma\u015f ve iplik<br \/>\ncinsine g\u00f6re ikinci bir<br \/>\nf\u0131r\u00e7alama gerekebilir.<br \/>\n2. Elde ta\u015f\u0131nan veya<br \/>\nticari olarak kullan\u0131lan<br \/>\nk\u00fc\u00e7\u00fck bir buharlay\u0131c\u0131ya<br \/>\nsahipseniz, daha sonra<br \/>\nt\u00fcyleri ve iplikleri<br \/>\n\u201c\u00e7i\u00e7eklendirecek\u201d veya<br \/>\ndolgunla\u015ft\u0131racak k\u00fc\u00e7\u00fck<br \/>\nbuhar patlamalar\u0131<br \/>\nkullanarak kuma\u015f\u0131n<br \/>\netkilenen b\u00f6lgelerini<br \/>\nhafif\u00e7e buharlay\u0131n.<br \/>\nBuharlay\u0131c\u0131y\u0131 asla<br \/>\ndo\u011frudan kuma\u015fa<br \/>\ndokundurmay\u0131n.<br \/>\n3. Buharl\u0131 pi\u015firicinizde<br \/>\nbir f\u0131r\u00e7a aparat\u0131 varsa,<br \/>\nhav\u0131 ve iplikleri<br \/>\nkald\u0131rmak i\u00e7in f\u0131r\u00e7a<br \/>\naparat\u0131n\u0131n k\u0131l taraf\u0131yla<br \/>\nkuma\u015f\u0131n damarlar\u0131na<br \/>\ndo\u011fru f\u0131r\u00e7alayarak<br \/>\nyukar\u0131daki ad\u0131m\u0131 izleyin.<br \/>\nNOT: Elinizi havl\u0131<br \/>\nveya havl\u0131 bir kuma\u015f\u0131n<br \/>\ndamarlar\u0131yla veya a\u015fa\u011f\u0131<br \/>\ndo\u011fru f\u0131r\u00e7alad\u0131\u011f\u0131n\u0131zda<br \/>\n, kuma\u015f p\u00fcr\u00fczs\u00fcz<br \/>\nolacakt\u0131r ; Elinizi t\u00fcyl\u00fc<br \/>\nbir kuma\u015f\u0131n damarlar\u0131na<br \/>\ns\u00fcrtt\u00fc\u011f\u00fcn\u00fczde , kuma\u015f<br \/>\np\u00fcr\u00fczl\u00fc olacakt\u0131r.<br \/>\nSUN\u0130 K\u00dcRK<br \/>\nKUMA\u015eLARLA \u0130LG\u0130L\u0130<br \/>\n\u00d6NEML\u0130 BAKIM<br \/>\nUYARISI: Suni K\u00fcrk<br \/>\nkuma\u015flar, y\u00fcksek<br \/>\nhavl\u0131 ipliklerle uzun<br \/>\nbir hava sahiptir. Bu<br \/>\nipliklerin bir k\u0131sm\u0131,<br \/>\nSuni K\u00fcrk d\u00f6\u015femenizi<br \/>\n\/ yast\u0131klar\u0131n\u0131z\u0131<br \/>\nilk ald\u0131\u011f\u0131n\u0131zda ve<br \/>\nkulland\u0131\u011f\u0131n\u0131zda taban<br \/>\nkuma\u015f\u0131ndan gev\u015feyecek<br \/>\nve \u201cd\u00f6k\u00fclecektir\u201d. Bu<br \/>\nnormal ve yayg\u0131nd\u0131r.<br \/>\nSahip oldu\u011funuz ilk<br \/>\nbirka\u00e7 hafta boyunca<br \/>\ngev\u015fek lifleri \u00e7\u0131karmak<br \/>\ni\u00e7in Suni K\u00fcrk\u00fcn\u00fcz\u00fc<br \/>\nhafif\u00e7e vakumlay\u0131n veya<br \/>\nf\u0131r\u00e7alay\u0131n.<br \/>\nKAD\u0130FE KUMA\u015eLARLA<br \/>\n\u0130LG\u0130L\u0130 \u00d6NEML\u0130 BAKIM<br \/>\nDUYURUSU:<br \/>\nKadife d\u00f6\u015femelik<br \/>\nkuma\u015flardaki uzun<br \/>\nt\u00fcyl\u00fc ipliklerin \u00f6zellikle<br \/>\nkullan\u0131m s\u0131ras\u0131nda<br \/>\nd\u00fczle\u015fti\u011fi bilinir, ancak<br \/>\nprofesyonel temizleyiciler<br \/>\ntaraf\u0131ndan kullan\u0131lan<br \/>\nbir teknik olan nemli<br \/>\nkabartma ve f\u0131r\u00e7alamaya<br \/>\niyi yan\u0131t verir. Yukar\u0131da<br \/>\nbelirtilen 3 nokta, kadife<br \/>\nkuma\u015flar\u0131 korumak i\u00e7in<br \/>\niyi \u00e7al\u0131\u015facakt\u0131r.<br \/>\nY\u00dcKSEK T\u00dcYL\u00dc<br \/>\nKUMA\u015eLARLA \u0130LG\u0130L\u0130<br \/>\n\u00d6NEML\u0130 BAKIM<br \/>\nB\u0130LD\u0130R\u0130M\u0130:<br \/>\nD\u00f6\u015femenizi haftada<br \/>\nbir kez bir f\u0131r\u00e7a aparat\u0131<br \/>\nile s\u00fcp\u00fcr\u00fcn. D\u00f6\u015femeyi<br \/>\n\u0131s\u0131dan ve nemden uzak<br \/>\ntutun ve d\u00f6\u015femeyi asla<br \/>\ndo\u011frudan<br \/>\ng\u00fcne\u015f \u0131\u015f\u0131\u011f\u0131na maruz<br \/>\nb\u0131rakmay\u0131n, \u00e7\u00fcnk\u00fc solma<br \/>\nve renk atmalar\u0131 meydana<br \/>\ngelebilir. D\u00f6\u015femenize<br \/>\nbir \u015fey d\u00f6k\u00fcld\u00fcyse, fazla<br \/>\ns\u0131v\u0131y\u0131 emmek i\u00e7in temiz<br \/>\nve s\u00fcper emici bir bez<br \/>\nveya ka\u011f\u0131t havlu kullan\u0131n.<br \/>\nS\u0131v\u0131y\u0131 y\u00fcksek havl\u0131 liflere<br \/>\ndo\u011fru daha derine<br \/>\nitecek d\u00f6k\u00fcnt\u00fcy\u00fc asla<br \/>\novalamay\u0131n ; bunun<br \/>\nyerine s\u0131v\u0131 emilene kadar<br \/>\nbezi yerinde b\u0131rak\u0131n;<br \/>\ndaha sonra havayla<br \/>\nkurumaya b\u0131rak\u0131n ve<br \/>\nelyaflar\u0131 kabartmak<br \/>\ni\u00e7in \u015fekerlemeye<br \/>\nkar\u015f\u0131 f\u0131r\u00e7alay\u0131n.<br \/>\nD\u00f6\u015femenizi y\u0131lda bir kez<br \/>\nprofesyonelce temizleyin.<\/p>\n","protected":false},"excerpt":{"rendered":"<p>611AC0000480 V\u0130LLA CHER\u0130E YATAK+2 KOMOD\u0130N KREM 229x243cm N9008017-8137-238-8040-134 PRJ KOMOD\u0130N:48x86x74cm Yatak i\u00e7in i\u00e7 yatak \u00f6l\u00e7\u00fcs\u00fc 193 x 203 cm&#8217;dir. \u00c7er\u00e7eveler yava\u015f kapanan kayd\u0131rmal\u0131 kadife astarl\u0131d\u0131r ve \u00fcst k\u0131sm\u0131 k\u00fclt\u00fcrl\u00fc mermerden yap\u0131lm\u0131\u015ft\u0131r. Ayaklar , konik bir tasar\u0131ma ve Chardonnay kaplamal\u0131 \u00e7apraz ip motiflere sahiptir. kasnak \u00e7ekmece kulplar\u0131 ve ayaklar Chardonnay kaplamad\u0131r. YATAK Ba\u015fl\u0131k , ayaklar ve [&hellip;]<\/p>\n","protected":false},"featured_media":368,"template":"","meta":[],"product_brand":[],"product_cat":[42],"product_tag":[70],"class_list":{"0":"post-367","1":"product","2":"type-product","3":"status-publish","4":"has-post-thumbnail","6":"product_cat-611ac","7":"product_tag-611ac0000480","9":"first","10":"instock","11":"taxable","12":"shipping-taxable","13":"product-type-simple"},"_links":{"self":[{"href":"https:\/\/kervanmagazacilik.com\/index.php\/wp-json\/wp\/v2\/product\/367","targetHints":{"allow":["GET"]}}],"collection":[{"href":"https:\/\/kervanmagazacilik.com\/index.php\/wp-json\/wp\/v2\/product"}],"about":[{"href":"https:\/\/kervanmagazacilik.com\/index.php\/wp-json\/wp\/v2\/types\/product"}],"wp:featuredmedia":[{"embeddable":true,"href":"https:\/\/kervanmagazacilik.com\/index.php\/wp-json\/wp\/v2\/media\/368"}],"wp:attachment":[{"href":"https:\/\/kervanmagazacilik.com\/index.php\/wp-json\/wp\/v2\/media?parent=367"}],"wp:term":[{"taxonomy":"product_brand","embeddable":true,"href":"https:\/\/kervanmagazacilik.com\/index.php\/wp-json\/wp\/v2\/product_brand?post=367"},{"taxonomy":"product_cat","embeddable":true,"href":"https:\/\/kervanmagazacilik.com\/index.php\/wp-json\/wp\/v2\/product_cat?post=367"},{"taxonomy":"product_tag","embeddable":true,"href":"https:\/\/kervanmagazacilik.com\/index.php\/wp-json\/wp\/v2\/product_tag?post=367"}],"curies":[{"name":"wp","href":"https:\/\/api.w.org\/{rel}","templated":true}]}}