{"id":36692,"date":"2026-03-25T10:46:17","date_gmt":"2026-03-25T07:46:17","guid":{"rendered":"https:\/\/kervanmagazacilik.com\/?post_type=product&#038;p=36692"},"modified":"2026-03-25T10:46:18","modified_gmt":"2026-03-25T07:46:18","slug":"759eaz000048","status":"publish","type":"product","link":"https:\/\/kervanmagazacilik.com\/index.php\/urun\/759eaz000048\/","title":{"rendered":"759EAZ000048"},"content":{"rendered":"<p>759EAZ000048<\/p>\n<p>0978 BOTG 2&#8217;L\u0130 PORSELEN \u00c7AY F\u0130NCANI 240 ML &amp; TABA\u011eI TAKIMI YE\u015e\u0130L<\/p>\n","protected":false},"excerpt":{"rendered":"<p>759EAZ000048 0978 BOTG 2&#8217;L\u0130 PORSELEN \u00c7AY F\u0130NCANI 240 ML &amp; TABA\u011eI TAKIMI YE\u015e\u0130L<\/p>\n","protected":false},"featured_media":36696,"template":"","meta":[],"product_brand":[],"product_cat":[4512],"product_tag":[8049],"class_list":{"0":"post-36692","1":"product","2":"type-product","3":"status-publish","4":"has-post-thumbnail","6":"product_cat-759eaz","7":"product_tag-759eaz000048","9":"first","10":"instock","11":"taxable","12":"shipping-taxable","13":"product-type-simple"},"_links":{"self":[{"href":"https:\/\/kervanmagazacilik.com\/index.php\/wp-json\/wp\/v2\/product\/36692","targetHints":{"allow":["GET"]}}],"collection":[{"href":"https:\/\/kervanmagazacilik.com\/index.php\/wp-json\/wp\/v2\/product"}],"about":[{"href":"https:\/\/kervanmagazacilik.com\/index.php\/wp-json\/wp\/v2\/types\/product"}],"wp:featuredmedia":[{"embeddable":true,"href":"https:\/\/kervanmagazacilik.com\/index.php\/wp-json\/wp\/v2\/media\/36696"}],"wp:attachment":[{"href":"https:\/\/kervanmagazacilik.com\/index.php\/wp-json\/wp\/v2\/media?parent=36692"}],"wp:term":[{"taxonomy":"product_brand","embeddable":true,"href":"https:\/\/kervanmagazacilik.com\/index.php\/wp-json\/wp\/v2\/product_brand?post=36692"},{"taxonomy":"product_cat","embeddable":true,"href":"https:\/\/kervanmagazacilik.com\/index.php\/wp-json\/wp\/v2\/product_cat?post=36692"},{"taxonomy":"product_tag","embeddable":true,"href":"https:\/\/kervanmagazacilik.com\/index.php\/wp-json\/wp\/v2\/product_tag?post=36692"}],"curies":[{"name":"wp","href":"https:\/\/api.w.org\/{rel}","templated":true}]}}