{"id":36659,"date":"2026-03-24T16:56:55","date_gmt":"2026-03-24T13:56:55","guid":{"rendered":"https:\/\/kervanmagazacilik.com\/?post_type=product&#038;p=36659"},"modified":"2026-03-24T16:56:57","modified_gmt":"2026-03-24T13:56:57","slug":"759eaz000203","status":"publish","type":"product","link":"https:\/\/kervanmagazacilik.com\/index.php\/urun\/759eaz000203\/","title":{"rendered":"759EAZ000203"},"content":{"rendered":"<p>759EAZ000203<\/p>\n<p>1664 CADG YA\u011e &amp; S\u0130RKE \u015e\u0130\u015eES\u0130 500 ML &#8211; GR\u0130<\/p>\n","protected":false},"excerpt":{"rendered":"<p>759EAZ000203 1664 CADG YA\u011e &amp; S\u0130RKE \u015e\u0130\u015eES\u0130 500 ML &#8211; GR\u0130<\/p>\n","protected":false},"featured_media":36660,"template":"","meta":[],"product_brand":[],"product_cat":[4512],"product_tag":[8033],"class_list":{"0":"post-36659","1":"product","2":"type-product","3":"status-publish","4":"has-post-thumbnail","6":"product_cat-759eaz","7":"product_tag-759eaz000203","9":"first","10":"instock","11":"taxable","12":"shipping-taxable","13":"product-type-simple"},"_links":{"self":[{"href":"https:\/\/kervanmagazacilik.com\/index.php\/wp-json\/wp\/v2\/product\/36659","targetHints":{"allow":["GET"]}}],"collection":[{"href":"https:\/\/kervanmagazacilik.com\/index.php\/wp-json\/wp\/v2\/product"}],"about":[{"href":"https:\/\/kervanmagazacilik.com\/index.php\/wp-json\/wp\/v2\/types\/product"}],"wp:featuredmedia":[{"embeddable":true,"href":"https:\/\/kervanmagazacilik.com\/index.php\/wp-json\/wp\/v2\/media\/36660"}],"wp:attachment":[{"href":"https:\/\/kervanmagazacilik.com\/index.php\/wp-json\/wp\/v2\/media?parent=36659"}],"wp:term":[{"taxonomy":"product_brand","embeddable":true,"href":"https:\/\/kervanmagazacilik.com\/index.php\/wp-json\/wp\/v2\/product_brand?post=36659"},{"taxonomy":"product_cat","embeddable":true,"href":"https:\/\/kervanmagazacilik.com\/index.php\/wp-json\/wp\/v2\/product_cat?post=36659"},{"taxonomy":"product_tag","embeddable":true,"href":"https:\/\/kervanmagazacilik.com\/index.php\/wp-json\/wp\/v2\/product_tag?post=36659"}],"curies":[{"name":"wp","href":"https:\/\/api.w.org\/{rel}","templated":true}]}}