{"id":36654,"date":"2026-03-24T16:53:50","date_gmt":"2026-03-24T13:53:50","guid":{"rendered":"https:\/\/kervanmagazacilik.com\/?post_type=product&#038;p=36654"},"modified":"2026-03-24T16:53:50","modified_gmt":"2026-03-24T13:53:50","slug":"759eaz000197","status":"publish","type":"product","link":"https:\/\/kervanmagazacilik.com\/index.php\/urun\/759eaz000197\/","title":{"rendered":"759EAZ000197"},"content":{"rendered":"<p>759EAZ000197<\/p>\n<p>1664 CADB YA\u011e &amp; S\u0130RKE \u015e\u0130\u015eES\u0130 500 ML &#8211; MAV\u0130<\/p>\n","protected":false},"excerpt":{"rendered":"<p>759EAZ000197 1664 CADB YA\u011e &amp; S\u0130RKE \u015e\u0130\u015eES\u0130 500 ML &#8211; MAV\u0130<\/p>\n","protected":false},"featured_media":36656,"template":"","meta":[],"product_brand":[],"product_cat":[4512],"product_tag":[8031],"class_list":{"0":"post-36654","1":"product","2":"type-product","3":"status-publish","4":"has-post-thumbnail","6":"product_cat-759eaz","7":"product_tag-759eaz000197","9":"first","10":"instock","11":"taxable","12":"shipping-taxable","13":"product-type-simple"},"_links":{"self":[{"href":"https:\/\/kervanmagazacilik.com\/index.php\/wp-json\/wp\/v2\/product\/36654","targetHints":{"allow":["GET"]}}],"collection":[{"href":"https:\/\/kervanmagazacilik.com\/index.php\/wp-json\/wp\/v2\/product"}],"about":[{"href":"https:\/\/kervanmagazacilik.com\/index.php\/wp-json\/wp\/v2\/types\/product"}],"wp:featuredmedia":[{"embeddable":true,"href":"https:\/\/kervanmagazacilik.com\/index.php\/wp-json\/wp\/v2\/media\/36656"}],"wp:attachment":[{"href":"https:\/\/kervanmagazacilik.com\/index.php\/wp-json\/wp\/v2\/media?parent=36654"}],"wp:term":[{"taxonomy":"product_brand","embeddable":true,"href":"https:\/\/kervanmagazacilik.com\/index.php\/wp-json\/wp\/v2\/product_brand?post=36654"},{"taxonomy":"product_cat","embeddable":true,"href":"https:\/\/kervanmagazacilik.com\/index.php\/wp-json\/wp\/v2\/product_cat?post=36654"},{"taxonomy":"product_tag","embeddable":true,"href":"https:\/\/kervanmagazacilik.com\/index.php\/wp-json\/wp\/v2\/product_tag?post=36654"}],"curies":[{"name":"wp","href":"https:\/\/api.w.org\/{rel}","templated":true}]}}