{"id":36639,"date":"2026-03-24T16:43:10","date_gmt":"2026-03-24T13:43:10","guid":{"rendered":"https:\/\/kervanmagazacilik.com\/?post_type=product&#038;p=36639"},"modified":"2026-03-24T16:43:10","modified_gmt":"2026-03-24T13:43:10","slug":"759eaz000229","status":"publish","type":"product","link":"https:\/\/kervanmagazacilik.com\/index.php\/urun\/759eaz000229\/","title":{"rendered":"759EAZ000229"},"content":{"rendered":"<p>759EAZ000229<\/p>\n<p>0414 CFC 20&#8217;L\u0130 KA\u011eIT PE\u00c7ETE 33 X 33 CM<\/p>\n","protected":false},"excerpt":{"rendered":"<p>759EAZ000229 0414 CFC 20&#8217;L\u0130 KA\u011eIT PE\u00c7ETE 33 X 33 CM<\/p>\n","protected":false},"featured_media":36642,"template":"","meta":[],"product_brand":[],"product_cat":[4512],"product_tag":[8025],"class_list":{"0":"post-36639","1":"product","2":"type-product","3":"status-publish","4":"has-post-thumbnail","6":"product_cat-759eaz","7":"product_tag-759eaz000229","9":"first","10":"instock","11":"taxable","12":"shipping-taxable","13":"product-type-simple"},"_links":{"self":[{"href":"https:\/\/kervanmagazacilik.com\/index.php\/wp-json\/wp\/v2\/product\/36639","targetHints":{"allow":["GET"]}}],"collection":[{"href":"https:\/\/kervanmagazacilik.com\/index.php\/wp-json\/wp\/v2\/product"}],"about":[{"href":"https:\/\/kervanmagazacilik.com\/index.php\/wp-json\/wp\/v2\/types\/product"}],"wp:featuredmedia":[{"embeddable":true,"href":"https:\/\/kervanmagazacilik.com\/index.php\/wp-json\/wp\/v2\/media\/36642"}],"wp:attachment":[{"href":"https:\/\/kervanmagazacilik.com\/index.php\/wp-json\/wp\/v2\/media?parent=36639"}],"wp:term":[{"taxonomy":"product_brand","embeddable":true,"href":"https:\/\/kervanmagazacilik.com\/index.php\/wp-json\/wp\/v2\/product_brand?post=36639"},{"taxonomy":"product_cat","embeddable":true,"href":"https:\/\/kervanmagazacilik.com\/index.php\/wp-json\/wp\/v2\/product_cat?post=36639"},{"taxonomy":"product_tag","embeddable":true,"href":"https:\/\/kervanmagazacilik.com\/index.php\/wp-json\/wp\/v2\/product_tag?post=36639"}],"curies":[{"name":"wp","href":"https:\/\/api.w.org\/{rel}","templated":true}]}}