{"id":36637,"date":"2026-03-24T16:40:40","date_gmt":"2026-03-24T13:40:40","guid":{"rendered":"https:\/\/kervanmagazacilik.com\/?post_type=product&#038;p=36637"},"modified":"2026-03-24T16:40:40","modified_gmt":"2026-03-24T13:40:40","slug":"759eaz000227","status":"publish","type":"product","link":"https:\/\/kervanmagazacilik.com\/index.php\/urun\/759eaz000227\/","title":{"rendered":"759EAZ000227"},"content":{"rendered":"<p>759EAZ000227<\/p>\n<p>1360 PALF F\u0130NE CH\u0130NA PORSELEN YEMEK TABA\u011eI \u00d8 22,5 CM<\/p>\n","protected":false},"excerpt":{"rendered":"<p>759EAZ000227 1360 PALF F\u0130NE CH\u0130NA PORSELEN YEMEK TABA\u011eI \u00d8 22,5 CM<\/p>\n","protected":false},"featured_media":36640,"template":"","meta":[],"product_brand":[],"product_cat":[4512],"product_tag":[8024],"class_list":{"0":"post-36637","1":"product","2":"type-product","3":"status-publish","4":"has-post-thumbnail","6":"product_cat-759eaz","7":"product_tag-759eaz000227","9":"first","10":"instock","11":"taxable","12":"shipping-taxable","13":"product-type-simple"},"_links":{"self":[{"href":"https:\/\/kervanmagazacilik.com\/index.php\/wp-json\/wp\/v2\/product\/36637","targetHints":{"allow":["GET"]}}],"collection":[{"href":"https:\/\/kervanmagazacilik.com\/index.php\/wp-json\/wp\/v2\/product"}],"about":[{"href":"https:\/\/kervanmagazacilik.com\/index.php\/wp-json\/wp\/v2\/types\/product"}],"wp:featuredmedia":[{"embeddable":true,"href":"https:\/\/kervanmagazacilik.com\/index.php\/wp-json\/wp\/v2\/media\/36640"}],"wp:attachment":[{"href":"https:\/\/kervanmagazacilik.com\/index.php\/wp-json\/wp\/v2\/media?parent=36637"}],"wp:term":[{"taxonomy":"product_brand","embeddable":true,"href":"https:\/\/kervanmagazacilik.com\/index.php\/wp-json\/wp\/v2\/product_brand?post=36637"},{"taxonomy":"product_cat","embeddable":true,"href":"https:\/\/kervanmagazacilik.com\/index.php\/wp-json\/wp\/v2\/product_cat?post=36637"},{"taxonomy":"product_tag","embeddable":true,"href":"https:\/\/kervanmagazacilik.com\/index.php\/wp-json\/wp\/v2\/product_tag?post=36637"}],"curies":[{"name":"wp","href":"https:\/\/api.w.org\/{rel}","templated":true}]}}