{"id":36424,"date":"2026-03-24T13:06:10","date_gmt":"2026-03-24T10:06:10","guid":{"rendered":"https:\/\/kervanmagazacilik.com\/?post_type=product&#038;p=36424"},"modified":"2026-03-24T13:06:14","modified_gmt":"2026-03-24T10:06:14","slug":"759eaz000518","status":"publish","type":"product","link":"https:\/\/kervanmagazacilik.com\/index.php\/urun\/759eaz000518\/","title":{"rendered":"759EAZ000518"},"content":{"rendered":"<p>759EAZ000518<\/p>\n<p>3172 DASG Porselen Pasta Taba\u011f\u0131 21 cm &#8211; Ye\u015fil<\/p>\n","protected":false},"excerpt":{"rendered":"<p>759EAZ000518 3172 DASG Porselen Pasta Taba\u011f\u0131 21 cm &#8211; Ye\u015fil<\/p>\n","protected":false},"featured_media":36427,"template":"","meta":[],"product_brand":[],"product_cat":[4512],"product_tag":[7933],"class_list":{"0":"post-36424","1":"product","2":"type-product","3":"status-publish","4":"has-post-thumbnail","6":"product_cat-759eaz","7":"product_tag-759eaz000518","9":"first","10":"instock","11":"taxable","12":"shipping-taxable","13":"product-type-simple"},"_links":{"self":[{"href":"https:\/\/kervanmagazacilik.com\/index.php\/wp-json\/wp\/v2\/product\/36424","targetHints":{"allow":["GET"]}}],"collection":[{"href":"https:\/\/kervanmagazacilik.com\/index.php\/wp-json\/wp\/v2\/product"}],"about":[{"href":"https:\/\/kervanmagazacilik.com\/index.php\/wp-json\/wp\/v2\/types\/product"}],"wp:featuredmedia":[{"embeddable":true,"href":"https:\/\/kervanmagazacilik.com\/index.php\/wp-json\/wp\/v2\/media\/36427"}],"wp:attachment":[{"href":"https:\/\/kervanmagazacilik.com\/index.php\/wp-json\/wp\/v2\/media?parent=36424"}],"wp:term":[{"taxonomy":"product_brand","embeddable":true,"href":"https:\/\/kervanmagazacilik.com\/index.php\/wp-json\/wp\/v2\/product_brand?post=36424"},{"taxonomy":"product_cat","embeddable":true,"href":"https:\/\/kervanmagazacilik.com\/index.php\/wp-json\/wp\/v2\/product_cat?post=36424"},{"taxonomy":"product_tag","embeddable":true,"href":"https:\/\/kervanmagazacilik.com\/index.php\/wp-json\/wp\/v2\/product_tag?post=36424"}],"curies":[{"name":"wp","href":"https:\/\/api.w.org\/{rel}","templated":true}]}}