{"id":364,"date":"2024-08-12T16:42:37","date_gmt":"2024-08-12T13:42:37","guid":{"rendered":"https:\/\/kervanmagazacilik.com\/?post_type=product&#038;p=364"},"modified":"2024-12-20T11:05:42","modified_gmt":"2024-12-20T08:05:42","slug":"611ac0000481","status":"publish","type":"product","link":"https:\/\/kervanmagazacilik.com\/index.php\/urun\/611ac0000481\/","title":{"rendered":"611AC0000481"},"content":{"rendered":"<p>611AC0000481<\/p>\n<p>V\u0130LLA CHER\u0130E AYNALI DRESSUAR<\/p>\n<p>N9008050-60-134 KREM 48x188x97cm PRJ<\/p>\n<p>AYNA:7x137x97cm<\/p>\n<p>6 \u00e7ekmeceli konsol yava\u015f kapanan kayd\u0131rmal\u0131<br \/>\nkadife astarl\u0131d\u0131r ve \u00fcst k\u0131sm\u0131 k\u00fclt\u00fcrl\u00fc<br \/>\nmermerden yap\u0131lm\u0131\u015ft\u0131r.<br \/>\nSa\u011f alt \u00e7ekmecede gizli b\u00f6lme vard\u0131r.<br \/>\nKasnak \u00e7ekmece kulplar\u0131 ve ayaklar<br \/>\nChardonnay kaplamal\u0131d\u0131r.<br \/>\nAyaklar , konik bir tasar\u0131ma ve Chardonnay<br \/>\nkaplamal\u0131 \u00e7apraz ip motiflerine sahiptir.<br \/>\nAyna kaplamas\u0131 Chardonnay kaplamal\u0131d\u0131r.<br \/>\nAyna taban\u0131 Karamel kaplamal\u0131d\u0131r ve<br \/>\nkonsolun \u00fczerine oturur.<\/p>\n","protected":false},"excerpt":{"rendered":"<p>611AC0000481 V\u0130LLA CHER\u0130E AYNALI DRESSUAR N9008050-60-134 KREM 48x188x97cm PRJ AYNA:7x137x97cm 6 \u00e7ekmeceli konsol yava\u015f kapanan kayd\u0131rmal\u0131 kadife astarl\u0131d\u0131r ve \u00fcst k\u0131sm\u0131 k\u00fclt\u00fcrl\u00fc mermerden yap\u0131lm\u0131\u015ft\u0131r. Sa\u011f alt \u00e7ekmecede gizli b\u00f6lme vard\u0131r. Kasnak \u00e7ekmece kulplar\u0131 ve ayaklar Chardonnay kaplamal\u0131d\u0131r. Ayaklar , konik bir tasar\u0131ma ve Chardonnay kaplamal\u0131 \u00e7apraz ip motiflerine sahiptir. Ayna kaplamas\u0131 Chardonnay kaplamal\u0131d\u0131r. Ayna taban\u0131 [&hellip;]<\/p>\n","protected":false},"featured_media":365,"template":"","meta":[],"product_brand":[],"product_cat":[42],"product_tag":[69],"class_list":{"0":"post-364","1":"product","2":"type-product","3":"status-publish","4":"has-post-thumbnail","6":"product_cat-611ac","7":"product_tag-611ac0000481","9":"first","10":"instock","11":"taxable","12":"shipping-taxable","13":"product-type-simple"},"_links":{"self":[{"href":"https:\/\/kervanmagazacilik.com\/index.php\/wp-json\/wp\/v2\/product\/364","targetHints":{"allow":["GET"]}}],"collection":[{"href":"https:\/\/kervanmagazacilik.com\/index.php\/wp-json\/wp\/v2\/product"}],"about":[{"href":"https:\/\/kervanmagazacilik.com\/index.php\/wp-json\/wp\/v2\/types\/product"}],"wp:featuredmedia":[{"embeddable":true,"href":"https:\/\/kervanmagazacilik.com\/index.php\/wp-json\/wp\/v2\/media\/365"}],"wp:attachment":[{"href":"https:\/\/kervanmagazacilik.com\/index.php\/wp-json\/wp\/v2\/media?parent=364"}],"wp:term":[{"taxonomy":"product_brand","embeddable":true,"href":"https:\/\/kervanmagazacilik.com\/index.php\/wp-json\/wp\/v2\/product_brand?post=364"},{"taxonomy":"product_cat","embeddable":true,"href":"https:\/\/kervanmagazacilik.com\/index.php\/wp-json\/wp\/v2\/product_cat?post=364"},{"taxonomy":"product_tag","embeddable":true,"href":"https:\/\/kervanmagazacilik.com\/index.php\/wp-json\/wp\/v2\/product_tag?post=364"}],"curies":[{"name":"wp","href":"https:\/\/api.w.org\/{rel}","templated":true}]}}