{"id":36257,"date":"2026-03-13T09:51:55","date_gmt":"2026-03-13T06:51:55","guid":{"rendered":"https:\/\/kervanmagazacilik.com\/?post_type=product&#038;p=36257"},"modified":"2026-03-13T09:51:59","modified_gmt":"2026-03-13T06:51:59","slug":"161063125670","status":"publish","type":"product","link":"https:\/\/kervanmagazacilik.com\/index.php\/urun\/161063125670\/","title":{"rendered":"161063125670"},"content":{"rendered":"<p><strong>161063125670<\/strong><\/p>\n<p>SERAY L\/XL BEDEN BORNOZ ECRU<\/p>\n<p>Bornoz; %60 pamuk %40 bambu<br \/>\nAksesuar; %100 polyester<br \/>\n30 derece y\u0131kama<br \/>\n\u00c7ama\u015f\u0131r suyu konamaz<br \/>\nKurutma makinesinde kurutulamaz<br \/>\nD\u00fc\u015f\u00fck \u0131s\u0131da \u00fct\u00fclenmelidir<\/p>\n<p>ALT GRUP: BANYO TEKST\u0130L\u0130<\/p>\n","protected":false},"excerpt":{"rendered":"<p>161063125670 SERAY L\/XL BEDEN BORNOZ ECRU Bornoz; %60 pamuk %40 bambu Aksesuar; %100 polyester 30 derece y\u0131kama \u00c7ama\u015f\u0131r suyu konamaz Kurutma makinesinde kurutulamaz D\u00fc\u015f\u00fck \u0131s\u0131da \u00fct\u00fclenmelidir ALT GRUP: BANYO TEKST\u0130L\u0130<\/p>\n","protected":false},"featured_media":36260,"template":"","meta":[],"product_brand":[],"product_cat":[3213],"product_tag":[7871],"class_list":{"0":"post-36257","1":"product","2":"type-product","3":"status-publish","4":"has-post-thumbnail","6":"product_cat-3213","7":"product_tag-7871","9":"first","10":"instock","11":"taxable","12":"shipping-taxable","13":"product-type-simple"},"_links":{"self":[{"href":"https:\/\/kervanmagazacilik.com\/index.php\/wp-json\/wp\/v2\/product\/36257","targetHints":{"allow":["GET"]}}],"collection":[{"href":"https:\/\/kervanmagazacilik.com\/index.php\/wp-json\/wp\/v2\/product"}],"about":[{"href":"https:\/\/kervanmagazacilik.com\/index.php\/wp-json\/wp\/v2\/types\/product"}],"wp:featuredmedia":[{"embeddable":true,"href":"https:\/\/kervanmagazacilik.com\/index.php\/wp-json\/wp\/v2\/media\/36260"}],"wp:attachment":[{"href":"https:\/\/kervanmagazacilik.com\/index.php\/wp-json\/wp\/v2\/media?parent=36257"}],"wp:term":[{"taxonomy":"product_brand","embeddable":true,"href":"https:\/\/kervanmagazacilik.com\/index.php\/wp-json\/wp\/v2\/product_brand?post=36257"},{"taxonomy":"product_cat","embeddable":true,"href":"https:\/\/kervanmagazacilik.com\/index.php\/wp-json\/wp\/v2\/product_cat?post=36257"},{"taxonomy":"product_tag","embeddable":true,"href":"https:\/\/kervanmagazacilik.com\/index.php\/wp-json\/wp\/v2\/product_tag?post=36257"}],"curies":[{"name":"wp","href":"https:\/\/api.w.org\/{rel}","templated":true}]}}