{"id":36221,"date":"2026-03-13T09:13:47","date_gmt":"2026-03-13T06:13:47","guid":{"rendered":"https:\/\/kervanmagazacilik.com\/?post_type=product&#038;p=36221"},"modified":"2026-03-13T09:13:49","modified_gmt":"2026-03-13T06:13:49","slug":"002999200056","status":"publish","type":"product","link":"https:\/\/kervanmagazacilik.com\/index.php\/urun\/002999200056\/","title":{"rendered":"002999200056"},"content":{"rendered":"<p>002999200056<\/p>\n<p>BOONY NEVRESIM 240&#215;220 CK 6 PRC TAS<\/p>\n<p>A Kuma\u015f, %100 pamuk<br \/>\nB kuma\u015f %100 \u0130pek<br \/>\n30 derece narin y\u0131kama<br \/>\n\u00c7ama\u015f\u0131r suyu konamaz<br \/>\nKurutma makinesinde kurutulamaz<br \/>\nD\u00fc\u015f\u00fck \u0131s\u0131da \u00fct\u00fclenmelidir<\/p>\n<p>ALT GRUP: YATAK ODASI TEKST\u0130L\u0130<\/p>\n<p>NEVRES\u0130M: 240X220<br \/>\n\u00c7AR\u015eAF: 250X270<br \/>\nUYKU YASTI\u011eI: 50X70 (2 ADET)<br \/>\nOXFORD YASTIK: 50X70 (2 ADET)<\/p>\n","protected":false},"excerpt":{"rendered":"<p>002999200056 BOONY NEVRESIM 240&#215;220 CK 6 PRC TAS A Kuma\u015f, %100 pamuk B kuma\u015f %100 \u0130pek 30 derece narin y\u0131kama \u00c7ama\u015f\u0131r suyu konamaz Kurutma makinesinde kurutulamaz D\u00fc\u015f\u00fck \u0131s\u0131da \u00fct\u00fclenmelidir ALT GRUP: YATAK ODASI TEKST\u0130L\u0130 NEVRES\u0130M: 240X220 \u00c7AR\u015eAF: 250X270 UYKU YASTI\u011eI: 50X70 (2 ADET) OXFORD YASTIK: 50X70 (2 ADET)<\/p>\n","protected":false},"featured_media":36224,"template":"","meta":[],"product_brand":[],"product_cat":[2032],"product_tag":[7859],"class_list":{"0":"post-36221","1":"product","2":"type-product","3":"status-publish","4":"has-post-thumbnail","6":"product_cat-2032","7":"product_tag-7859","9":"first","10":"instock","11":"taxable","12":"shipping-taxable","13":"product-type-simple"},"_links":{"self":[{"href":"https:\/\/kervanmagazacilik.com\/index.php\/wp-json\/wp\/v2\/product\/36221","targetHints":{"allow":["GET"]}}],"collection":[{"href":"https:\/\/kervanmagazacilik.com\/index.php\/wp-json\/wp\/v2\/product"}],"about":[{"href":"https:\/\/kervanmagazacilik.com\/index.php\/wp-json\/wp\/v2\/types\/product"}],"wp:featuredmedia":[{"embeddable":true,"href":"https:\/\/kervanmagazacilik.com\/index.php\/wp-json\/wp\/v2\/media\/36224"}],"wp:attachment":[{"href":"https:\/\/kervanmagazacilik.com\/index.php\/wp-json\/wp\/v2\/media?parent=36221"}],"wp:term":[{"taxonomy":"product_brand","embeddable":true,"href":"https:\/\/kervanmagazacilik.com\/index.php\/wp-json\/wp\/v2\/product_brand?post=36221"},{"taxonomy":"product_cat","embeddable":true,"href":"https:\/\/kervanmagazacilik.com\/index.php\/wp-json\/wp\/v2\/product_cat?post=36221"},{"taxonomy":"product_tag","embeddable":true,"href":"https:\/\/kervanmagazacilik.com\/index.php\/wp-json\/wp\/v2\/product_tag?post=36221"}],"curies":[{"name":"wp","href":"https:\/\/api.w.org\/{rel}","templated":true}]}}