{"id":36216,"date":"2026-03-13T09:08:07","date_gmt":"2026-03-13T06:08:07","guid":{"rendered":"https:\/\/kervanmagazacilik.com\/?post_type=product&#038;p=36216"},"modified":"2026-03-13T09:08:08","modified_gmt":"2026-03-13T06:08:08","slug":"002099045946","status":"publish","type":"product","link":"https:\/\/kervanmagazacilik.com\/index.php\/urun\/002099045946\/","title":{"rendered":"002099045946"},"content":{"rendered":"<p>002099045946<\/p>\n<p>MASS\u0130 NEVRES\u0130M TAKIMI 260X240 KING SIZE 6 PRC KREM-TA\u015e<\/p>\n<p>Kuma\u015f, %100 pamuk<br \/>\nAksesuar; %100 Polyester<br \/>\n30 derece narin y\u0131kama<br \/>\n\u00c7ama\u015f\u0131r suyu konamaz<br \/>\nKurutma makinesinde kurutulamaz<br \/>\nD\u00fc\u015f\u00fck \u0131s\u0131da \u00fct\u00fclenmelidir<\/p>\n<p>ALT GRUP: YATAK ODASI TEKST\u0130L\u0130<\/p>\n<p>NEVRES\u0130M: 260X240<br \/>\n\u00c7AR\u015eAF: 270X270<br \/>\nUYKU YASTI\u011eI: 50X70 (2 ADET)<br \/>\nOXFORD YASTIK: 50X70 (2 ADET)<\/p>\n","protected":false},"excerpt":{"rendered":"<p>002099045946 MASS\u0130 NEVRES\u0130M TAKIMI 260X240 KING SIZE 6 PRC KREM-TA\u015e Kuma\u015f, %100 pamuk Aksesuar; %100 Polyester 30 derece narin y\u0131kama \u00c7ama\u015f\u0131r suyu konamaz Kurutma makinesinde kurutulamaz D\u00fc\u015f\u00fck \u0131s\u0131da \u00fct\u00fclenmelidir ALT GRUP: YATAK ODASI TEKST\u0130L\u0130 NEVRES\u0130M: 260X240 \u00c7AR\u015eAF: 270X270 UYKU YASTI\u011eI: 50X70 (2 ADET) OXFORD YASTIK: 50X70 (2 ADET)<\/p>\n","protected":false},"featured_media":36218,"template":"","meta":[],"product_brand":[],"product_cat":[2004],"product_tag":[7856],"class_list":{"0":"post-36216","1":"product","2":"type-product","3":"status-publish","4":"has-post-thumbnail","6":"product_cat-2004","7":"product_tag-7856","9":"first","10":"instock","11":"taxable","12":"shipping-taxable","13":"product-type-simple"},"_links":{"self":[{"href":"https:\/\/kervanmagazacilik.com\/index.php\/wp-json\/wp\/v2\/product\/36216","targetHints":{"allow":["GET"]}}],"collection":[{"href":"https:\/\/kervanmagazacilik.com\/index.php\/wp-json\/wp\/v2\/product"}],"about":[{"href":"https:\/\/kervanmagazacilik.com\/index.php\/wp-json\/wp\/v2\/types\/product"}],"wp:featuredmedia":[{"embeddable":true,"href":"https:\/\/kervanmagazacilik.com\/index.php\/wp-json\/wp\/v2\/media\/36218"}],"wp:attachment":[{"href":"https:\/\/kervanmagazacilik.com\/index.php\/wp-json\/wp\/v2\/media?parent=36216"}],"wp:term":[{"taxonomy":"product_brand","embeddable":true,"href":"https:\/\/kervanmagazacilik.com\/index.php\/wp-json\/wp\/v2\/product_brand?post=36216"},{"taxonomy":"product_cat","embeddable":true,"href":"https:\/\/kervanmagazacilik.com\/index.php\/wp-json\/wp\/v2\/product_cat?post=36216"},{"taxonomy":"product_tag","embeddable":true,"href":"https:\/\/kervanmagazacilik.com\/index.php\/wp-json\/wp\/v2\/product_tag?post=36216"}],"curies":[{"name":"wp","href":"https:\/\/api.w.org\/{rel}","templated":true}]}}