{"id":36210,"date":"2026-03-13T08:57:13","date_gmt":"2026-03-13T05:57:13","guid":{"rendered":"https:\/\/kervanmagazacilik.com\/?post_type=product&#038;p=36210"},"modified":"2026-03-13T08:57:14","modified_gmt":"2026-03-13T05:57:14","slug":"150hsh000993-2","status":"publish","type":"product","link":"https:\/\/kervanmagazacilik.com\/index.php\/urun\/150hsh000993-2\/","title":{"rendered":"150HSH000993"},"content":{"rendered":"<p><strong>150HSH000993<\/strong><\/p>\n<p>F\u0130ORE KOKU \u015e\u0130\u015eES\u0130 FU\u015eYA 15x15x12 cm<\/p>\n<p>MALZEME: POLYESTER + CAM<br \/>\n\u00d6l\u00e7\u00fcler +\/- 5 cm de\u011fi\u015fkenlik g\u00f6sterebilir<br \/>\nALT GRUP: DEKORATIF AKSESUAR<\/p>\n<p>KURU BEZ \u0130LE TOZ ALINMALIDIR<br \/>\nCAM: 500 cc<br \/>\nCAM RENG\u0130: Bal<\/p>\n<p>\u00dcr\u00fcn i\u00e7eri\u011finde koku yay\u0131c\u0131 kam\u0131\u015f bulunmamaktad\u0131r.<br \/>\nDiledi\u011finiz takdirde yedek esanslar\u0131m\u0131z\u0131 ve kam\u0131\u015flar\u0131m\u0131z\u0131 ma\u011fazalar\u0131m\u0131zdan sat\u0131n alabilirsiniz.<\/p>\n","protected":false},"excerpt":{"rendered":"<p>150HSH000993 F\u0130ORE KOKU \u015e\u0130\u015eES\u0130 FU\u015eYA 15x15x12 cm MALZEME: POLYESTER + CAM \u00d6l\u00e7\u00fcler +\/- 5 cm de\u011fi\u015fkenlik g\u00f6sterebilir ALT GRUP: DEKORATIF AKSESUAR KURU BEZ \u0130LE TOZ ALINMALIDIR CAM: 500 cc CAM RENG\u0130: Bal \u00dcr\u00fcn i\u00e7eri\u011finde koku yay\u0131c\u0131 kam\u0131\u015f bulunmamaktad\u0131r. Diledi\u011finiz takdirde yedek esanslar\u0131m\u0131z\u0131 ve kam\u0131\u015flar\u0131m\u0131z\u0131 ma\u011fazalar\u0131m\u0131zdan sat\u0131n alabilirsiniz.<\/p>\n","protected":false},"featured_media":36212,"template":"","meta":[],"product_brand":[],"product_cat":[4407],"product_tag":[5627],"class_list":{"0":"post-36210","1":"product","2":"type-product","3":"status-publish","4":"has-post-thumbnail","6":"product_cat-759npt","7":"product_tag-150hsh000993","9":"first","10":"instock","11":"taxable","12":"shipping-taxable","13":"product-type-simple"},"_links":{"self":[{"href":"https:\/\/kervanmagazacilik.com\/index.php\/wp-json\/wp\/v2\/product\/36210","targetHints":{"allow":["GET"]}}],"collection":[{"href":"https:\/\/kervanmagazacilik.com\/index.php\/wp-json\/wp\/v2\/product"}],"about":[{"href":"https:\/\/kervanmagazacilik.com\/index.php\/wp-json\/wp\/v2\/types\/product"}],"wp:featuredmedia":[{"embeddable":true,"href":"https:\/\/kervanmagazacilik.com\/index.php\/wp-json\/wp\/v2\/media\/36212"}],"wp:attachment":[{"href":"https:\/\/kervanmagazacilik.com\/index.php\/wp-json\/wp\/v2\/media?parent=36210"}],"wp:term":[{"taxonomy":"product_brand","embeddable":true,"href":"https:\/\/kervanmagazacilik.com\/index.php\/wp-json\/wp\/v2\/product_brand?post=36210"},{"taxonomy":"product_cat","embeddable":true,"href":"https:\/\/kervanmagazacilik.com\/index.php\/wp-json\/wp\/v2\/product_cat?post=36210"},{"taxonomy":"product_tag","embeddable":true,"href":"https:\/\/kervanmagazacilik.com\/index.php\/wp-json\/wp\/v2\/product_tag?post=36210"}],"curies":[{"name":"wp","href":"https:\/\/api.w.org\/{rel}","templated":true}]}}