{"id":36200,"date":"2026-03-13T08:47:01","date_gmt":"2026-03-13T05:47:01","guid":{"rendered":"https:\/\/kervanmagazacilik.com\/?post_type=product&#038;p=36200"},"modified":"2026-03-13T08:47:02","modified_gmt":"2026-03-13T05:47:02","slug":"759npt000056","status":"publish","type":"product","link":"https:\/\/kervanmagazacilik.com\/index.php\/urun\/759npt000056\/","title":{"rendered":"759NPT000056"},"content":{"rendered":"<p><strong>759NPT000056<\/strong><\/p>\n<p>LEST\u0130NA G\u00dcL TEALIGHT MUM 12&#215;3,5 cm YE\u015e\u0130L<\/p>\n<p>G\u00fcl dekorlu koku ta\u015f\u0131 i\u00e7erisinde sunulan mum, \u00f6zel g\u00fcnlerinizde veya g\u00fcnl\u00fck kullan\u0131m\u0131n\u0131zda \u015f\u0131kl\u0131\u011f\u0131 ve huzuru bir arada sunar. Mekan\u0131n\u0131za ho\u015f bir koku yayarak atmosferi zenginle\u015ftirir ve rahatlat\u0131c\u0131 bir ortam sa\u011flar. Dekoratif bir dokunu\u015fla estetik bir ambiyans yarat\u0131r.<\/p>\n<p>&nbsp;<\/p>\n","protected":false},"excerpt":{"rendered":"<p>759NPT000056 LEST\u0130NA G\u00dcL TEALIGHT MUM 12&#215;3,5 cm YE\u015e\u0130L G\u00fcl dekorlu koku ta\u015f\u0131 i\u00e7erisinde sunulan mum, \u00f6zel g\u00fcnlerinizde veya g\u00fcnl\u00fck kullan\u0131m\u0131n\u0131zda \u015f\u0131kl\u0131\u011f\u0131 ve huzuru bir arada sunar. Mekan\u0131n\u0131za ho\u015f bir koku yayarak atmosferi zenginle\u015ftirir ve rahatlat\u0131c\u0131 bir ortam sa\u011flar. Dekoratif bir dokunu\u015fla estetik bir ambiyans yarat\u0131r. &nbsp;<\/p>\n","protected":false},"featured_media":36207,"template":"","meta":[],"product_brand":[],"product_cat":[4407],"product_tag":[7853],"class_list":{"0":"post-36200","1":"product","2":"type-product","3":"status-publish","4":"has-post-thumbnail","6":"product_cat-759npt","7":"product_tag-759npt000056","9":"first","10":"instock","11":"taxable","12":"shipping-taxable","13":"product-type-simple"},"_links":{"self":[{"href":"https:\/\/kervanmagazacilik.com\/index.php\/wp-json\/wp\/v2\/product\/36200","targetHints":{"allow":["GET"]}}],"collection":[{"href":"https:\/\/kervanmagazacilik.com\/index.php\/wp-json\/wp\/v2\/product"}],"about":[{"href":"https:\/\/kervanmagazacilik.com\/index.php\/wp-json\/wp\/v2\/types\/product"}],"wp:featuredmedia":[{"embeddable":true,"href":"https:\/\/kervanmagazacilik.com\/index.php\/wp-json\/wp\/v2\/media\/36207"}],"wp:attachment":[{"href":"https:\/\/kervanmagazacilik.com\/index.php\/wp-json\/wp\/v2\/media?parent=36200"}],"wp:term":[{"taxonomy":"product_brand","embeddable":true,"href":"https:\/\/kervanmagazacilik.com\/index.php\/wp-json\/wp\/v2\/product_brand?post=36200"},{"taxonomy":"product_cat","embeddable":true,"href":"https:\/\/kervanmagazacilik.com\/index.php\/wp-json\/wp\/v2\/product_cat?post=36200"},{"taxonomy":"product_tag","embeddable":true,"href":"https:\/\/kervanmagazacilik.com\/index.php\/wp-json\/wp\/v2\/product_tag?post=36200"}],"curies":[{"name":"wp","href":"https:\/\/api.w.org\/{rel}","templated":true}]}}