{"id":36194,"date":"2026-03-13T08:42:35","date_gmt":"2026-03-13T05:42:35","guid":{"rendered":"https:\/\/kervanmagazacilik.com\/?post_type=product&#038;p=36194"},"modified":"2026-03-13T08:42:37","modified_gmt":"2026-03-13T05:42:37","slug":"759npt000053","status":"publish","type":"product","link":"https:\/\/kervanmagazacilik.com\/index.php\/urun\/759npt000053\/","title":{"rendered":"759NPT000053"},"content":{"rendered":"<p><strong>759NPT000053<\/strong><\/p>\n<p>LEST\u0130NA G\u00dcL TA\u015eLI KOKU \u015e\u0130\u015eES\u0130 12&#215;10,5 cm 150 CC PUDRA<\/p>\n<p>\u015e\u0130\u015eEN\u0130N \u0130\u00c7ER\u0130S\u0130NE ESANS KOKU DOLDURULMALIDIR. DOLDURDUKTAN B\u0130R S\u00dcRE SONRA, SERAM\u0130K KOKU TA\u015eI ESANSI HIZLI OLARAK EMECEKT\u0130R. DAHA SONRA ESANSI EMME S\u00dcRES\u0130 ZAMANLA AZALACAKTIR. ESANS AZALINCA YEDEK ESANSLARIMIZDAN SATIN ALAB\u0130L\u0130RS\u0130N\u0130Z. \u00c7OK \u015eIK TASARIMI \u0130LE DEKORASYONUNUZDA VAZGE\u00c7\u0130LMEZ OLACAK. YANINDA KOKU YAYMAYA YARDIMCI \u00c7UBUKLAR MEVCUTTUR. (25 CM&#8217;L\u0130K 5&#8217;L\u0130 S\u0130YAH \u00c7UBUKLAR)<\/p>\n","protected":false},"excerpt":{"rendered":"<p>759NPT000053 LEST\u0130NA G\u00dcL TA\u015eLI KOKU \u015e\u0130\u015eES\u0130 12&#215;10,5 cm 150 CC PUDRA \u015e\u0130\u015eEN\u0130N \u0130\u00c7ER\u0130S\u0130NE ESANS KOKU DOLDURULMALIDIR. DOLDURDUKTAN B\u0130R S\u00dcRE SONRA, SERAM\u0130K KOKU TA\u015eI ESANSI HIZLI OLARAK EMECEKT\u0130R. DAHA SONRA ESANSI EMME S\u00dcRES\u0130 ZAMANLA AZALACAKTIR. ESANS AZALINCA YEDEK ESANSLARIMIZDAN SATIN ALAB\u0130L\u0130RS\u0130N\u0130Z. \u00c7OK \u015eIK TASARIMI \u0130LE DEKORASYONUNUZDA VAZGE\u00c7\u0130LMEZ OLACAK. YANINDA KOKU YAYMAYA YARDIMCI \u00c7UBUKLAR MEVCUTTUR. (25 CM&#8217;L\u0130K [&hellip;]<\/p>\n","protected":false},"featured_media":36203,"template":"","meta":[],"product_brand":[],"product_cat":[4407],"product_tag":[7852],"class_list":{"0":"post-36194","1":"product","2":"type-product","3":"status-publish","4":"has-post-thumbnail","6":"product_cat-759npt","7":"product_tag-759npt000053","9":"first","10":"instock","11":"taxable","12":"shipping-taxable","13":"product-type-simple"},"_links":{"self":[{"href":"https:\/\/kervanmagazacilik.com\/index.php\/wp-json\/wp\/v2\/product\/36194","targetHints":{"allow":["GET"]}}],"collection":[{"href":"https:\/\/kervanmagazacilik.com\/index.php\/wp-json\/wp\/v2\/product"}],"about":[{"href":"https:\/\/kervanmagazacilik.com\/index.php\/wp-json\/wp\/v2\/types\/product"}],"wp:featuredmedia":[{"embeddable":true,"href":"https:\/\/kervanmagazacilik.com\/index.php\/wp-json\/wp\/v2\/media\/36203"}],"wp:attachment":[{"href":"https:\/\/kervanmagazacilik.com\/index.php\/wp-json\/wp\/v2\/media?parent=36194"}],"wp:term":[{"taxonomy":"product_brand","embeddable":true,"href":"https:\/\/kervanmagazacilik.com\/index.php\/wp-json\/wp\/v2\/product_brand?post=36194"},{"taxonomy":"product_cat","embeddable":true,"href":"https:\/\/kervanmagazacilik.com\/index.php\/wp-json\/wp\/v2\/product_cat?post=36194"},{"taxonomy":"product_tag","embeddable":true,"href":"https:\/\/kervanmagazacilik.com\/index.php\/wp-json\/wp\/v2\/product_tag?post=36194"}],"curies":[{"name":"wp","href":"https:\/\/api.w.org\/{rel}","templated":true}]}}