{"id":36178,"date":"2026-03-13T08:28:02","date_gmt":"2026-03-13T05:28:02","guid":{"rendered":"https:\/\/kervanmagazacilik.com\/?post_type=product&#038;p=36178"},"modified":"2026-03-13T08:28:04","modified_gmt":"2026-03-13T05:28:04","slug":"759npt000045","status":"publish","type":"product","link":"https:\/\/kervanmagazacilik.com\/index.php\/urun\/759npt000045\/","title":{"rendered":"759NPT000045"},"content":{"rendered":"<p><strong>759NPT000045<\/strong><\/p>\n<p>W\u0130NNER DEKORAT\u0130F F\u0130L TA\u015eLI KOKU \u015e\u0130\u015eES\u0130 12,5&#215;15 cm 100 CC TA\u015e<\/p>\n<p>KOKULU TA\u015eTIR. YANINDA KOKU YAYMAYA YARDIMCI \u00c7UBUKLAR MEVCUTTUR. (25 CM&#8217;L\u0130K 5&#8217;L\u0130 NATUREL BAMBU \u00c7UBUKLAR)<\/p>\n","protected":false},"excerpt":{"rendered":"<p>759NPT000045 W\u0130NNER DEKORAT\u0130F F\u0130L TA\u015eLI KOKU \u015e\u0130\u015eES\u0130 12,5&#215;15 cm 100 CC TA\u015e KOKULU TA\u015eTIR. YANINDA KOKU YAYMAYA YARDIMCI \u00c7UBUKLAR MEVCUTTUR. (25 CM&#8217;L\u0130K 5&#8217;L\u0130 NATUREL BAMBU \u00c7UBUKLAR)<\/p>\n","protected":false},"featured_media":36181,"template":"","meta":[],"product_brand":[],"product_cat":[4407],"product_tag":[7843],"class_list":{"0":"post-36178","1":"product","2":"type-product","3":"status-publish","4":"has-post-thumbnail","6":"product_cat-759npt","7":"product_tag-759npt000045","9":"first","10":"instock","11":"taxable","12":"shipping-taxable","13":"product-type-simple"},"_links":{"self":[{"href":"https:\/\/kervanmagazacilik.com\/index.php\/wp-json\/wp\/v2\/product\/36178","targetHints":{"allow":["GET"]}}],"collection":[{"href":"https:\/\/kervanmagazacilik.com\/index.php\/wp-json\/wp\/v2\/product"}],"about":[{"href":"https:\/\/kervanmagazacilik.com\/index.php\/wp-json\/wp\/v2\/types\/product"}],"wp:featuredmedia":[{"embeddable":true,"href":"https:\/\/kervanmagazacilik.com\/index.php\/wp-json\/wp\/v2\/media\/36181"}],"wp:attachment":[{"href":"https:\/\/kervanmagazacilik.com\/index.php\/wp-json\/wp\/v2\/media?parent=36178"}],"wp:term":[{"taxonomy":"product_brand","embeddable":true,"href":"https:\/\/kervanmagazacilik.com\/index.php\/wp-json\/wp\/v2\/product_brand?post=36178"},{"taxonomy":"product_cat","embeddable":true,"href":"https:\/\/kervanmagazacilik.com\/index.php\/wp-json\/wp\/v2\/product_cat?post=36178"},{"taxonomy":"product_tag","embeddable":true,"href":"https:\/\/kervanmagazacilik.com\/index.php\/wp-json\/wp\/v2\/product_tag?post=36178"}],"curies":[{"name":"wp","href":"https:\/\/api.w.org\/{rel}","templated":true}]}}