{"id":36176,"date":"2026-03-13T08:33:30","date_gmt":"2026-03-13T05:33:30","guid":{"rendered":"https:\/\/kervanmagazacilik.com\/?post_type=product&#038;p=36176"},"modified":"2026-03-13T08:33:32","modified_gmt":"2026-03-13T05:33:32","slug":"759npt000044","status":"publish","type":"product","link":"https:\/\/kervanmagazacilik.com\/index.php\/urun\/759npt000044\/","title":{"rendered":"759NPT000044"},"content":{"rendered":"<p><strong>759NPT000044<\/strong><\/p>\n<p>LUVEN KOKULU AT MUM 8&#215;17 cm KAHVE<\/p>\n<p>Pureness kokusuyla evinizi sarar, aroma terapi sa\u011flar. Vegan mumdur. Vegan form\u00fcl\u00fc ile hayvan dostu bir se\u00e7enek olup, etik ve sorumlu bir tercih yapman\u0131z\u0131 sa\u011flar. Tek par\u00e7a halinde sunulan bu mum, kolay kullan\u0131m ve pratik bir dekoratif ayd\u0131nlatma \u00e7\u00f6z\u00fcm\u00fc sunar. Mum: 275 gr.<\/p>\n","protected":false},"excerpt":{"rendered":"<p>759NPT000044 LUVEN KOKULU AT MUM 8&#215;17 cm KAHVE Pureness kokusuyla evinizi sarar, aroma terapi sa\u011flar. Vegan mumdur. Vegan form\u00fcl\u00fc ile hayvan dostu bir se\u00e7enek olup, etik ve sorumlu bir tercih yapman\u0131z\u0131 sa\u011flar. Tek par\u00e7a halinde sunulan bu mum, kolay kullan\u0131m ve pratik bir dekoratif ayd\u0131nlatma \u00e7\u00f6z\u00fcm\u00fc sunar. Mum: 275 gr.<\/p>\n","protected":false},"featured_media":36185,"template":"","meta":[],"product_brand":[],"product_cat":[4407],"product_tag":[7847],"class_list":{"0":"post-36176","1":"product","2":"type-product","3":"status-publish","4":"has-post-thumbnail","6":"product_cat-759npt","7":"product_tag-759npt000044","9":"first","10":"instock","11":"taxable","12":"shipping-taxable","13":"product-type-simple"},"_links":{"self":[{"href":"https:\/\/kervanmagazacilik.com\/index.php\/wp-json\/wp\/v2\/product\/36176","targetHints":{"allow":["GET"]}}],"collection":[{"href":"https:\/\/kervanmagazacilik.com\/index.php\/wp-json\/wp\/v2\/product"}],"about":[{"href":"https:\/\/kervanmagazacilik.com\/index.php\/wp-json\/wp\/v2\/types\/product"}],"wp:featuredmedia":[{"embeddable":true,"href":"https:\/\/kervanmagazacilik.com\/index.php\/wp-json\/wp\/v2\/media\/36185"}],"wp:attachment":[{"href":"https:\/\/kervanmagazacilik.com\/index.php\/wp-json\/wp\/v2\/media?parent=36176"}],"wp:term":[{"taxonomy":"product_brand","embeddable":true,"href":"https:\/\/kervanmagazacilik.com\/index.php\/wp-json\/wp\/v2\/product_brand?post=36176"},{"taxonomy":"product_cat","embeddable":true,"href":"https:\/\/kervanmagazacilik.com\/index.php\/wp-json\/wp\/v2\/product_cat?post=36176"},{"taxonomy":"product_tag","embeddable":true,"href":"https:\/\/kervanmagazacilik.com\/index.php\/wp-json\/wp\/v2\/product_tag?post=36176"}],"curies":[{"name":"wp","href":"https:\/\/api.w.org\/{rel}","templated":true}]}}