{"id":36169,"date":"2026-03-13T08:21:31","date_gmt":"2026-03-13T05:21:31","guid":{"rendered":"https:\/\/kervanmagazacilik.com\/?post_type=product&#038;p=36169"},"modified":"2026-03-13T08:21:34","modified_gmt":"2026-03-13T05:21:34","slug":"759npt000042","status":"publish","type":"product","link":"https:\/\/kervanmagazacilik.com\/index.php\/urun\/759npt000042\/","title":{"rendered":"759NPT000042"},"content":{"rendered":"<p><strong>759NPT000042<\/strong><\/p>\n<p>ROS\u0130CA G\u00dcL DEKORLU CAM \u0130\u00c7\u0130 MUM 16&#215;7 cm KREM<\/p>\n<p>Pureness kokusuyla evinizi sarar, aroma terapi sa\u011flar. B\u00fcy\u00fck cam \u00e7anak mum, g\u00fcl dekorludur. Vegan mumdur. Vegan form\u00fcl\u00fc ile hayvan dostu bir se\u00e7enek olup, etik ve sorumlu bir tercih yapman\u0131z\u0131 sa\u011flar.Tek par\u00e7a halinde sunulan bu mum, kolay kullan\u0131m ve pratik bir dekoratif ayd\u0131nlatma \u00e7\u00f6z\u00fcm\u00fc sunar. Mum, ev dekorasyonunda her alanda kullan\u0131labilen i\u015flevsel bir e\u015fya niteli\u011fi ta\u015f\u0131r. K\u00fc\u00e7\u00fck ama etkisi b\u00fcy\u00fck olan mumlar, ya\u015fam alan\u0131n\u0131za zarif ve \u015f\u0131k bir g\u00f6r\u00fcnt\u00fc sunuyor. G\u00fcn\u00fcn yorgunlu\u011funu atmak istedi\u011finizde, huzurlu bir ortam yaratmak i\u00e7in mumlar\u0131m\u0131z\u0131 tercih edebilirsiniz. Zamanla mum bitti\u011finde, \u00fcr\u00fcn\u00fc dekoratif olarak kullanabilirsiniz. Cam: 16 cm \u00e7ap\u0131ndad\u0131r, 7 cm y\u00fcksekli\u011findedir.<\/p>\n","protected":false},"excerpt":{"rendered":"<p>759NPT000042 ROS\u0130CA G\u00dcL DEKORLU CAM \u0130\u00c7\u0130 MUM 16&#215;7 cm KREM Pureness kokusuyla evinizi sarar, aroma terapi sa\u011flar. B\u00fcy\u00fck cam \u00e7anak mum, g\u00fcl dekorludur. Vegan mumdur. Vegan form\u00fcl\u00fc ile hayvan dostu bir se\u00e7enek olup, etik ve sorumlu bir tercih yapman\u0131z\u0131 sa\u011flar.Tek par\u00e7a halinde sunulan bu mum, kolay kullan\u0131m ve pratik bir dekoratif ayd\u0131nlatma \u00e7\u00f6z\u00fcm\u00fc sunar. Mum, [&hellip;]<\/p>\n","protected":false},"featured_media":36175,"template":"","meta":[],"product_brand":[],"product_cat":[4407],"product_tag":[7841],"class_list":{"0":"post-36169","1":"product","2":"type-product","3":"status-publish","4":"has-post-thumbnail","6":"product_cat-759npt","7":"product_tag-759npt000042","9":"first","10":"instock","11":"taxable","12":"shipping-taxable","13":"product-type-simple"},"_links":{"self":[{"href":"https:\/\/kervanmagazacilik.com\/index.php\/wp-json\/wp\/v2\/product\/36169","targetHints":{"allow":["GET"]}}],"collection":[{"href":"https:\/\/kervanmagazacilik.com\/index.php\/wp-json\/wp\/v2\/product"}],"about":[{"href":"https:\/\/kervanmagazacilik.com\/index.php\/wp-json\/wp\/v2\/types\/product"}],"wp:featuredmedia":[{"embeddable":true,"href":"https:\/\/kervanmagazacilik.com\/index.php\/wp-json\/wp\/v2\/media\/36175"}],"wp:attachment":[{"href":"https:\/\/kervanmagazacilik.com\/index.php\/wp-json\/wp\/v2\/media?parent=36169"}],"wp:term":[{"taxonomy":"product_brand","embeddable":true,"href":"https:\/\/kervanmagazacilik.com\/index.php\/wp-json\/wp\/v2\/product_brand?post=36169"},{"taxonomy":"product_cat","embeddable":true,"href":"https:\/\/kervanmagazacilik.com\/index.php\/wp-json\/wp\/v2\/product_cat?post=36169"},{"taxonomy":"product_tag","embeddable":true,"href":"https:\/\/kervanmagazacilik.com\/index.php\/wp-json\/wp\/v2\/product_tag?post=36169"}],"curies":[{"name":"wp","href":"https:\/\/api.w.org\/{rel}","templated":true}]}}