{"id":36168,"date":"2026-03-13T08:20:10","date_gmt":"2026-03-13T05:20:10","guid":{"rendered":"https:\/\/kervanmagazacilik.com\/?post_type=product&#038;p=36168"},"modified":"2026-03-13T08:20:11","modified_gmt":"2026-03-13T05:20:11","slug":"759npt000041","status":"publish","type":"product","link":"https:\/\/kervanmagazacilik.com\/index.php\/urun\/759npt000041\/","title":{"rendered":"759NPT000041"},"content":{"rendered":"<p><strong>759NPT000041<\/strong><\/p>\n<p>ROS\u0130CA G\u00dcL TA\u015eLI KAPAKLI DEKORAT\u0130F KUTU 16&#215;24 cm KREM-GOLD<\/p>\n<p>\u00dcST KAPAK, G\u00dcL FORMUNDA SERAM\u0130K KOKULU TA\u015eTIR. ESANS EMME \u00d6ZELL\u0130\u011e\u0130 MEVCUTTUR. D\u0130LERSEN\u0130Z \u00dcZER\u0130NE ESANS SPREY SIKAB\u0130L\u0130RS\u0130N\u0130Z. \u00dcZER\u0130NE SIKACA\u011eINIZ KOKUYU TA\u015e ABSORBE EDECEK VE KOKUNUN YAYILMASINA KATKIDA BULUNACAK. ALT MATERYAL, CAMDIR. Cam: 16 cm \u00e7ap\u0131ndad\u0131r, 7 cm y\u00fcksekli\u011findedir.<\/p>\n","protected":false},"excerpt":{"rendered":"<p>759NPT000041 ROS\u0130CA G\u00dcL TA\u015eLI KAPAKLI DEKORAT\u0130F KUTU 16&#215;24 cm KREM-GOLD \u00dcST KAPAK, G\u00dcL FORMUNDA SERAM\u0130K KOKULU TA\u015eTIR. ESANS EMME \u00d6ZELL\u0130\u011e\u0130 MEVCUTTUR. D\u0130LERSEN\u0130Z \u00dcZER\u0130NE ESANS SPREY SIKAB\u0130L\u0130RS\u0130N\u0130Z. \u00dcZER\u0130NE SIKACA\u011eINIZ KOKUYU TA\u015e ABSORBE EDECEK VE KOKUNUN YAYILMASINA KATKIDA BULUNACAK. ALT MATERYAL, CAMDIR. Cam: 16 cm \u00e7ap\u0131ndad\u0131r, 7 cm y\u00fcksekli\u011findedir.<\/p>\n","protected":false},"featured_media":36173,"template":"","meta":[],"product_brand":[],"product_cat":[4407],"product_tag":[7840],"class_list":{"0":"post-36168","1":"product","2":"type-product","3":"status-publish","4":"has-post-thumbnail","6":"product_cat-759npt","7":"product_tag-759npt000041","9":"first","10":"instock","11":"taxable","12":"shipping-taxable","13":"product-type-simple"},"_links":{"self":[{"href":"https:\/\/kervanmagazacilik.com\/index.php\/wp-json\/wp\/v2\/product\/36168","targetHints":{"allow":["GET"]}}],"collection":[{"href":"https:\/\/kervanmagazacilik.com\/index.php\/wp-json\/wp\/v2\/product"}],"about":[{"href":"https:\/\/kervanmagazacilik.com\/index.php\/wp-json\/wp\/v2\/types\/product"}],"wp:featuredmedia":[{"embeddable":true,"href":"https:\/\/kervanmagazacilik.com\/index.php\/wp-json\/wp\/v2\/media\/36173"}],"wp:attachment":[{"href":"https:\/\/kervanmagazacilik.com\/index.php\/wp-json\/wp\/v2\/media?parent=36168"}],"wp:term":[{"taxonomy":"product_brand","embeddable":true,"href":"https:\/\/kervanmagazacilik.com\/index.php\/wp-json\/wp\/v2\/product_brand?post=36168"},{"taxonomy":"product_cat","embeddable":true,"href":"https:\/\/kervanmagazacilik.com\/index.php\/wp-json\/wp\/v2\/product_cat?post=36168"},{"taxonomy":"product_tag","embeddable":true,"href":"https:\/\/kervanmagazacilik.com\/index.php\/wp-json\/wp\/v2\/product_tag?post=36168"}],"curies":[{"name":"wp","href":"https:\/\/api.w.org\/{rel}","templated":true}]}}