{"id":36123,"date":"2026-03-11T08:31:16","date_gmt":"2026-03-11T05:31:16","guid":{"rendered":"https:\/\/kervanmagazacilik.com\/?post_type=product&#038;p=36123"},"modified":"2026-03-11T08:31:18","modified_gmt":"2026-03-11T05:31:18","slug":"611pym000083","status":"publish","type":"product","link":"https:\/\/kervanmagazacilik.com\/index.php\/urun\/611pym000083\/","title":{"rendered":"611PYM000083"},"content":{"rendered":"<p>611PYM000083<\/p>\n<p>AIDA BERJER BEJ 90x100x85cm ( AIDA 24613-26)<\/p>\n<p>KURU TEM\u0130ZLEME YAPILMALIDIR.<\/p>\n<p>EN:90cm<\/p>\n<p>BOY:100cm<\/p>\n<p>Y\u00dcKSEKL\u0130K:85cm<\/p>\n<p>%55 AKR\u0130L\u0130K % 26 POLYESTER % 19 KOTON<\/p>\n","protected":false},"excerpt":{"rendered":"<p>611PYM000083 AIDA BERJER BEJ 90x100x85cm ( AIDA 24613-26) KURU TEM\u0130ZLEME YAPILMALIDIR. EN:90cm BOY:100cm Y\u00dcKSEKL\u0130K:85cm %55 AKR\u0130L\u0130K % 26 POLYESTER % 19 KOTON<\/p>\n","protected":false},"featured_media":36124,"template":"","meta":[],"product_brand":[],"product_cat":[28],"product_tag":[],"class_list":{"0":"post-36123","1":"product","2":"type-product","3":"status-publish","4":"has-post-thumbnail","6":"product_cat-genel","8":"first","9":"instock","10":"taxable","11":"shipping-taxable","12":"product-type-simple"},"_links":{"self":[{"href":"https:\/\/kervanmagazacilik.com\/index.php\/wp-json\/wp\/v2\/product\/36123","targetHints":{"allow":["GET"]}}],"collection":[{"href":"https:\/\/kervanmagazacilik.com\/index.php\/wp-json\/wp\/v2\/product"}],"about":[{"href":"https:\/\/kervanmagazacilik.com\/index.php\/wp-json\/wp\/v2\/types\/product"}],"wp:featuredmedia":[{"embeddable":true,"href":"https:\/\/kervanmagazacilik.com\/index.php\/wp-json\/wp\/v2\/media\/36124"}],"wp:attachment":[{"href":"https:\/\/kervanmagazacilik.com\/index.php\/wp-json\/wp\/v2\/media?parent=36123"}],"wp:term":[{"taxonomy":"product_brand","embeddable":true,"href":"https:\/\/kervanmagazacilik.com\/index.php\/wp-json\/wp\/v2\/product_brand?post=36123"},{"taxonomy":"product_cat","embeddable":true,"href":"https:\/\/kervanmagazacilik.com\/index.php\/wp-json\/wp\/v2\/product_cat?post=36123"},{"taxonomy":"product_tag","embeddable":true,"href":"https:\/\/kervanmagazacilik.com\/index.php\/wp-json\/wp\/v2\/product_tag?post=36123"}],"curies":[{"name":"wp","href":"https:\/\/api.w.org\/{rel}","templated":true}]}}