{"id":361,"date":"2024-08-12T16:39:59","date_gmt":"2024-08-12T13:39:59","guid":{"rendered":"https:\/\/kervanmagazacilik.com\/?post_type=product&#038;p=361"},"modified":"2024-08-12T17:20:09","modified_gmt":"2024-08-12T14:20:09","slug":"611ac0000483","status":"publish","type":"product","link":"https:\/\/kervanmagazacilik.com\/index.php\/urun\/611ac0000483\/","title":{"rendered":"611AC0000483"},"content":{"rendered":"<p>611AC0000483<\/p>\n<p>V\u0130LLA CHER\u0130E \u015e\u0130FONYER 5 \u00c7EKMECE KREM<\/p>\n<p>48x109x138cm N9008070-134 PRJ<\/p>\n<p>5 \u00c7ekmeceli \u015fifonyer kadife astarl\u0131 ve yava\u015f kapanan s\u00fcrg\u00fcl\u00fcd\u00fcr.<br \/>\nKasnak \u00e7ekmece kulplar\u0131 ve ayaklar Chardonnay kaplamal\u0131d\u0131r.<br \/>\nAyaklar , konik bir tasar\u0131ma ve Chardonnay kaplamal\u0131 \u00e7apraz ip motiflerine sahiptir.<\/p>\n","protected":false},"excerpt":{"rendered":"<p>611AC0000483 V\u0130LLA CHER\u0130E \u015e\u0130FONYER 5 \u00c7EKMECE KREM 48x109x138cm N9008070-134 PRJ 5 \u00c7ekmeceli \u015fifonyer kadife astarl\u0131 ve yava\u015f kapanan s\u00fcrg\u00fcl\u00fcd\u00fcr. Kasnak \u00e7ekmece kulplar\u0131 ve ayaklar Chardonnay kaplamal\u0131d\u0131r. Ayaklar , konik bir tasar\u0131ma ve Chardonnay kaplamal\u0131 \u00e7apraz ip motiflerine sahiptir.<\/p>\n","protected":false},"featured_media":362,"template":"","meta":[],"product_brand":[],"product_cat":[42],"product_tag":[68],"class_list":{"0":"post-361","1":"product","2":"type-product","3":"status-publish","4":"has-post-thumbnail","6":"product_cat-611ac","7":"product_tag-611ac0000483","9":"first","10":"instock","11":"taxable","12":"shipping-taxable","13":"product-type-simple"},"_links":{"self":[{"href":"https:\/\/kervanmagazacilik.com\/index.php\/wp-json\/wp\/v2\/product\/361","targetHints":{"allow":["GET"]}}],"collection":[{"href":"https:\/\/kervanmagazacilik.com\/index.php\/wp-json\/wp\/v2\/product"}],"about":[{"href":"https:\/\/kervanmagazacilik.com\/index.php\/wp-json\/wp\/v2\/types\/product"}],"wp:featuredmedia":[{"embeddable":true,"href":"https:\/\/kervanmagazacilik.com\/index.php\/wp-json\/wp\/v2\/media\/362"}],"wp:attachment":[{"href":"https:\/\/kervanmagazacilik.com\/index.php\/wp-json\/wp\/v2\/media?parent=361"}],"wp:term":[{"taxonomy":"product_brand","embeddable":true,"href":"https:\/\/kervanmagazacilik.com\/index.php\/wp-json\/wp\/v2\/product_brand?post=361"},{"taxonomy":"product_cat","embeddable":true,"href":"https:\/\/kervanmagazacilik.com\/index.php\/wp-json\/wp\/v2\/product_cat?post=361"},{"taxonomy":"product_tag","embeddable":true,"href":"https:\/\/kervanmagazacilik.com\/index.php\/wp-json\/wp\/v2\/product_tag?post=361"}],"curies":[{"name":"wp","href":"https:\/\/api.w.org\/{rel}","templated":true}]}}