{"id":36073,"date":"2026-03-10T11:51:49","date_gmt":"2026-03-10T08:51:49","guid":{"rendered":"https:\/\/kervanmagazacilik.com\/?post_type=product&#038;p=36073"},"modified":"2026-03-10T11:51:49","modified_gmt":"2026-03-10T08:51:49","slug":"611ydgn00399","status":"publish","type":"product","link":"https:\/\/kervanmagazacilik.com\/index.php\/urun\/611ydgn00399\/","title":{"rendered":"611YDGN00399"},"content":{"rendered":"<p><strong>611YDGN00399<\/strong><\/p>\n<p>MODICA K\u00d6\u015eE KOLTUK BEJ 130x400x87cm (MONTARO 24294-18)<\/p>\n<p>Kuma\u015f Temizli\u011fi;<br \/>\nG\u00fcne\u015ften uzak tutulmal\u0131d\u0131r. Temizlerken kimyasal madde kullan\u0131lmamal\u0131d\u0131r.<br \/>\nProfesyonel temizleme deste\u011fi \u00f6nerilir.<\/p>\n<p>EN :130cm<\/p>\n<p>BOY:400cm<\/p>\n<p>Y\u00dcKSEKL\u0130K:87cm<\/p>\n<p>MONTARO 24294-18<\/p>\n<p>%82 POLYESTER % 18 KOTON<\/p>\n","protected":false},"excerpt":{"rendered":"<p>611YDGN00399 MODICA K\u00d6\u015eE KOLTUK BEJ 130x400x87cm (MONTARO 24294-18) Kuma\u015f Temizli\u011fi; G\u00fcne\u015ften uzak tutulmal\u0131d\u0131r. Temizlerken kimyasal madde kullan\u0131lmamal\u0131d\u0131r. Profesyonel temizleme deste\u011fi \u00f6nerilir. EN :130cm BOY:400cm Y\u00dcKSEKL\u0130K:87cm MONTARO 24294-18 %82 POLYESTER % 18 KOTON<\/p>\n","protected":false},"featured_media":36075,"template":"","meta":[],"product_brand":[],"product_cat":[5750],"product_tag":[7809],"class_list":{"0":"post-36073","1":"product","2":"type-product","3":"status-publish","4":"has-post-thumbnail","6":"product_cat-611ydgn","7":"product_tag-611ydgn00399","9":"first","10":"instock","11":"taxable","12":"shipping-taxable","13":"product-type-simple"},"_links":{"self":[{"href":"https:\/\/kervanmagazacilik.com\/index.php\/wp-json\/wp\/v2\/product\/36073","targetHints":{"allow":["GET"]}}],"collection":[{"href":"https:\/\/kervanmagazacilik.com\/index.php\/wp-json\/wp\/v2\/product"}],"about":[{"href":"https:\/\/kervanmagazacilik.com\/index.php\/wp-json\/wp\/v2\/types\/product"}],"wp:featuredmedia":[{"embeddable":true,"href":"https:\/\/kervanmagazacilik.com\/index.php\/wp-json\/wp\/v2\/media\/36075"}],"wp:attachment":[{"href":"https:\/\/kervanmagazacilik.com\/index.php\/wp-json\/wp\/v2\/media?parent=36073"}],"wp:term":[{"taxonomy":"product_brand","embeddable":true,"href":"https:\/\/kervanmagazacilik.com\/index.php\/wp-json\/wp\/v2\/product_brand?post=36073"},{"taxonomy":"product_cat","embeddable":true,"href":"https:\/\/kervanmagazacilik.com\/index.php\/wp-json\/wp\/v2\/product_cat?post=36073"},{"taxonomy":"product_tag","embeddable":true,"href":"https:\/\/kervanmagazacilik.com\/index.php\/wp-json\/wp\/v2\/product_tag?post=36073"}],"curies":[{"name":"wp","href":"https:\/\/api.w.org\/{rel}","templated":true}]}}