{"id":35981,"date":"2026-03-06T12:04:00","date_gmt":"2026-03-06T09:04:00","guid":{"rendered":"https:\/\/kervanmagazacilik.com\/?post_type=product&#038;p=35981"},"modified":"2026-03-06T12:04:01","modified_gmt":"2026-03-06T09:04:01","slug":"611ydgn00369","status":"publish","type":"product","link":"https:\/\/kervanmagazacilik.com\/index.php\/urun\/611ydgn00369\/","title":{"rendered":"611YDGN00369"},"content":{"rendered":"<p><strong>611YDGN00369<\/strong><\/p>\n<p>NOA D\u00d6RTL\u00dc KOLTUK KAHVE 95x325x75cm<\/p>\n<p>PROFESYONEL KURU TEM\u0130ZLEME \u00d6NER\u0130L\u0130R.<\/p>\n<p>EN:95cm<\/p>\n<p>BOY:325cm<\/p>\n<p>Y\u00dcKSEKL\u0130K:75cm<\/p>\n<p>1.MOD\u00dcL:140cm<\/p>\n<p>2.MOD\u00dcL:140cm<\/p>\n<p>ORTA MOD\u00dcL:45cm<\/p>\n","protected":false},"excerpt":{"rendered":"<p>611YDGN00369 NOA D\u00d6RTL\u00dc KOLTUK KAHVE 95x325x75cm PROFESYONEL KURU TEM\u0130ZLEME \u00d6NER\u0130L\u0130R. EN:95cm BOY:325cm Y\u00dcKSEKL\u0130K:75cm 1.MOD\u00dcL:140cm 2.MOD\u00dcL:140cm ORTA MOD\u00dcL:45cm<\/p>\n","protected":false},"featured_media":35983,"template":"","meta":[],"product_brand":[],"product_cat":[5750],"product_tag":[7771],"class_list":{"0":"post-35981","1":"product","2":"type-product","3":"status-publish","4":"has-post-thumbnail","6":"product_cat-611ydgn","7":"product_tag-611ydgn00369","9":"first","10":"instock","11":"taxable","12":"shipping-taxable","13":"product-type-simple"},"_links":{"self":[{"href":"https:\/\/kervanmagazacilik.com\/index.php\/wp-json\/wp\/v2\/product\/35981","targetHints":{"allow":["GET"]}}],"collection":[{"href":"https:\/\/kervanmagazacilik.com\/index.php\/wp-json\/wp\/v2\/product"}],"about":[{"href":"https:\/\/kervanmagazacilik.com\/index.php\/wp-json\/wp\/v2\/types\/product"}],"wp:featuredmedia":[{"embeddable":true,"href":"https:\/\/kervanmagazacilik.com\/index.php\/wp-json\/wp\/v2\/media\/35983"}],"wp:attachment":[{"href":"https:\/\/kervanmagazacilik.com\/index.php\/wp-json\/wp\/v2\/media?parent=35981"}],"wp:term":[{"taxonomy":"product_brand","embeddable":true,"href":"https:\/\/kervanmagazacilik.com\/index.php\/wp-json\/wp\/v2\/product_brand?post=35981"},{"taxonomy":"product_cat","embeddable":true,"href":"https:\/\/kervanmagazacilik.com\/index.php\/wp-json\/wp\/v2\/product_cat?post=35981"},{"taxonomy":"product_tag","embeddable":true,"href":"https:\/\/kervanmagazacilik.com\/index.php\/wp-json\/wp\/v2\/product_tag?post=35981"}],"curies":[{"name":"wp","href":"https:\/\/api.w.org\/{rel}","templated":true}]}}