{"id":35977,"date":"2026-03-06T12:05:21","date_gmt":"2026-03-06T09:05:21","guid":{"rendered":"https:\/\/kervanmagazacilik.com\/?post_type=product&#038;p=35977"},"modified":"2026-03-06T12:05:22","modified_gmt":"2026-03-06T09:05:22","slug":"611ydgn00370","status":"publish","type":"product","link":"https:\/\/kervanmagazacilik.com\/index.php\/urun\/611ydgn00370\/","title":{"rendered":"611YDGN00370"},"content":{"rendered":"<p><strong>611YDGN00370<\/strong><\/p>\n<p>NOA BERJER KAHVE 105x105x75cm<\/p>\n<p>PROFESYONEL KURU TEM\u0130ZLEME \u00d6NER\u0130L\u0130R.<\/p>\n<p>EN:105cm<\/p>\n<p>BOY:1055cm<\/p>\n<p>Y\u00dcKSEKL\u0130K:75cm<\/p>\n<p>&nbsp;<\/p>\n","protected":false},"excerpt":{"rendered":"<p>611YDGN00370 NOA BERJER KAHVE 105x105x75cm PROFESYONEL KURU TEM\u0130ZLEME \u00d6NER\u0130L\u0130R. EN:105cm BOY:1055cm Y\u00dcKSEKL\u0130K:75cm &nbsp;<\/p>\n","protected":false},"featured_media":35985,"template":"","meta":[],"product_brand":[],"product_cat":[5750],"product_tag":[7772],"class_list":{"0":"post-35977","1":"product","2":"type-product","3":"status-publish","4":"has-post-thumbnail","6":"product_cat-611ydgn","7":"product_tag-611ydgn00370","9":"first","10":"instock","11":"taxable","12":"shipping-taxable","13":"product-type-simple"},"_links":{"self":[{"href":"https:\/\/kervanmagazacilik.com\/index.php\/wp-json\/wp\/v2\/product\/35977","targetHints":{"allow":["GET"]}}],"collection":[{"href":"https:\/\/kervanmagazacilik.com\/index.php\/wp-json\/wp\/v2\/product"}],"about":[{"href":"https:\/\/kervanmagazacilik.com\/index.php\/wp-json\/wp\/v2\/types\/product"}],"wp:featuredmedia":[{"embeddable":true,"href":"https:\/\/kervanmagazacilik.com\/index.php\/wp-json\/wp\/v2\/media\/35985"}],"wp:attachment":[{"href":"https:\/\/kervanmagazacilik.com\/index.php\/wp-json\/wp\/v2\/media?parent=35977"}],"wp:term":[{"taxonomy":"product_brand","embeddable":true,"href":"https:\/\/kervanmagazacilik.com\/index.php\/wp-json\/wp\/v2\/product_brand?post=35977"},{"taxonomy":"product_cat","embeddable":true,"href":"https:\/\/kervanmagazacilik.com\/index.php\/wp-json\/wp\/v2\/product_cat?post=35977"},{"taxonomy":"product_tag","embeddable":true,"href":"https:\/\/kervanmagazacilik.com\/index.php\/wp-json\/wp\/v2\/product_tag?post=35977"}],"curies":[{"name":"wp","href":"https:\/\/api.w.org\/{rel}","templated":true}]}}