{"id":35967,"date":"2026-03-06T11:06:46","date_gmt":"2026-03-06T08:06:46","guid":{"rendered":"https:\/\/kervanmagazacilik.com\/?post_type=product&#038;p=35967"},"modified":"2026-03-06T11:16:12","modified_gmt":"2026-03-06T08:16:12","slug":"072ser000003","status":"publish","type":"product","link":"https:\/\/kervanmagazacilik.com\/index.php\/urun\/072ser000003\/","title":{"rendered":"072SER000003"},"content":{"rendered":"<p><strong>072SER000003<\/strong><\/p>\n<p>YUN YASTIK 50x70cm<\/p>\n<p>%100 Do\u011fal Y\u00fcn Yast\u0131k, sa\u011fl\u0131kl\u0131 ve konforlu bir uyku deneyimi sunan \u00f6zel bir \u00fcr\u00fcnd\u00fcr. %100 do\u011fal y\u00fcn dolgusu sayesinde nefes alabilen yap\u0131s\u0131 ile v\u00fccut \u0131s\u0131s\u0131n\u0131 dengeler, terlemeyi \u00f6nler ve her mevsim ideal bir kullan\u0131m sa\u011flar. Do\u011fal ve hijyenik yap\u0131s\u0131 sayesinde bakteri ve akar olu\u015fumunu engelleyerek sa\u011fl\u0131kl\u0131 bir uyku ortam\u0131 sunar. 50&#215;70 cm \u00f6l\u00e7\u00fcleri ile standart yast\u0131k k\u0131l\u0131flar\u0131na uyum sa\u011flar ve ergonomik deste\u011fiyle rahat bir uyku pozisyonu olu\u015fturur. Dayan\u0131kl\u0131 ve yumu\u015fak yap\u0131s\u0131 uzun s\u00fcreli konfor sunar. Do\u011fall\u0131k ve konfor arayanlar i\u00e7in m\u00fckemmel bir tercihtir. KUMA\u015e : 92 TEL %100 PAMUK WOOLMARK DOLGU : %100 Y\u00dcN 1000 GR Sadece d\u0131\u015f k\u0131l\u0131f\u0131 y\u0131kanabilir<\/p>\n","protected":false},"excerpt":{"rendered":"<p>072SER000003 YUN YASTIK 50x70cm %100 Do\u011fal Y\u00fcn Yast\u0131k, sa\u011fl\u0131kl\u0131 ve konforlu bir uyku deneyimi sunan \u00f6zel bir \u00fcr\u00fcnd\u00fcr. %100 do\u011fal y\u00fcn dolgusu sayesinde nefes alabilen yap\u0131s\u0131 ile v\u00fccut \u0131s\u0131s\u0131n\u0131 dengeler, terlemeyi \u00f6nler ve her mevsim ideal bir kullan\u0131m sa\u011flar. Do\u011fal ve hijyenik yap\u0131s\u0131 sayesinde bakteri ve akar olu\u015fumunu engelleyerek sa\u011fl\u0131kl\u0131 bir uyku ortam\u0131 sunar. 50&#215;70 [&hellip;]<\/p>\n","protected":false},"featured_media":35969,"template":"","meta":[],"product_brand":[],"product_cat":[2619],"product_tag":[7770],"class_list":{"0":"post-35967","1":"product","2":"type-product","3":"status-publish","4":"has-post-thumbnail","6":"product_cat-072ser","7":"product_tag-072ser000003","9":"first","10":"instock","11":"taxable","12":"shipping-taxable","13":"product-type-simple"},"_links":{"self":[{"href":"https:\/\/kervanmagazacilik.com\/index.php\/wp-json\/wp\/v2\/product\/35967","targetHints":{"allow":["GET"]}}],"collection":[{"href":"https:\/\/kervanmagazacilik.com\/index.php\/wp-json\/wp\/v2\/product"}],"about":[{"href":"https:\/\/kervanmagazacilik.com\/index.php\/wp-json\/wp\/v2\/types\/product"}],"wp:featuredmedia":[{"embeddable":true,"href":"https:\/\/kervanmagazacilik.com\/index.php\/wp-json\/wp\/v2\/media\/35969"}],"wp:attachment":[{"href":"https:\/\/kervanmagazacilik.com\/index.php\/wp-json\/wp\/v2\/media?parent=35967"}],"wp:term":[{"taxonomy":"product_brand","embeddable":true,"href":"https:\/\/kervanmagazacilik.com\/index.php\/wp-json\/wp\/v2\/product_brand?post=35967"},{"taxonomy":"product_cat","embeddable":true,"href":"https:\/\/kervanmagazacilik.com\/index.php\/wp-json\/wp\/v2\/product_cat?post=35967"},{"taxonomy":"product_tag","embeddable":true,"href":"https:\/\/kervanmagazacilik.com\/index.php\/wp-json\/wp\/v2\/product_tag?post=35967"}],"curies":[{"name":"wp","href":"https:\/\/api.w.org\/{rel}","templated":true}]}}