{"id":35966,"date":"2026-03-06T11:04:56","date_gmt":"2026-03-06T08:04:56","guid":{"rendered":"https:\/\/kervanmagazacilik.com\/?post_type=product&#038;p=35966"},"modified":"2026-03-06T11:04:56","modified_gmt":"2026-03-06T08:04:56","slug":"072ser000001","status":"publish","type":"product","link":"https:\/\/kervanmagazacilik.com\/index.php\/urun\/072ser000001\/","title":{"rendered":"072SER000001"},"content":{"rendered":"<p><strong>072SER000001<\/strong><\/p>\n<p>BAMBU YASTIK 50x70cm<\/p>\n<p>Bambu Yast\u0131k, 50&#215;70 cm \u00f6l\u00e7\u00fcs\u00fcyle hem \u015f\u0131kl\u0131\u011f\u0131 hem de konforu bir araya getiriyor. D\u0131\u015f kuma\u015f\u0131 %70 pamuk ve %30 bambu kar\u0131\u015f\u0131m\u0131ndan \u00fcretilmi\u015f olup, cilde yumu\u015fak ve nefes alabilen bir his sunar. Do\u011fal bambunun serinletici \u00f6zelli\u011fi sayesinde terlemeyi \u00f6nler, uyku boyunca ferahl\u0131k sa\u011flar. \u0130\u00e7 dolgusunda kullan\u0131lan %30 bambu ve %70 mikrojel kar\u0131\u015f\u0131m\u0131, ba\u015f ve boyun b\u00f6lgesine ideal destek vererek konforlu bir uyku deneyimi ya\u015fat\u0131r. Hem g\u00fcnl\u00fck kullan\u0131mda hem de hediye alternatifi olarak tercih edebilece\u011finiz Bambu Yast\u0131k, do\u011fadan ilham alan yap\u0131s\u0131yla uyku kalitenizi art\u0131r\u0131r. KUMA\u015e : 63 TEL %30 BAMBU-%70 PAMUK DOLGU : %30 BAMBU-%70 MIKROJEL 850 GR<\/p>\n","protected":false},"excerpt":{"rendered":"<p>072SER000001 BAMBU YASTIK 50x70cm Bambu Yast\u0131k, 50&#215;70 cm \u00f6l\u00e7\u00fcs\u00fcyle hem \u015f\u0131kl\u0131\u011f\u0131 hem de konforu bir araya getiriyor. D\u0131\u015f kuma\u015f\u0131 %70 pamuk ve %30 bambu kar\u0131\u015f\u0131m\u0131ndan \u00fcretilmi\u015f olup, cilde yumu\u015fak ve nefes alabilen bir his sunar. Do\u011fal bambunun serinletici \u00f6zelli\u011fi sayesinde terlemeyi \u00f6nler, uyku boyunca ferahl\u0131k sa\u011flar. \u0130\u00e7 dolgusunda kullan\u0131lan %30 bambu ve %70 mikrojel kar\u0131\u015f\u0131m\u0131, [&hellip;]<\/p>\n","protected":false},"featured_media":35968,"template":"","meta":[],"product_brand":[],"product_cat":[2619],"product_tag":[7769],"class_list":{"0":"post-35966","1":"product","2":"type-product","3":"status-publish","4":"has-post-thumbnail","6":"product_cat-072ser","7":"product_tag-072ser000001","9":"first","10":"instock","11":"taxable","12":"shipping-taxable","13":"product-type-simple"},"_links":{"self":[{"href":"https:\/\/kervanmagazacilik.com\/index.php\/wp-json\/wp\/v2\/product\/35966","targetHints":{"allow":["GET"]}}],"collection":[{"href":"https:\/\/kervanmagazacilik.com\/index.php\/wp-json\/wp\/v2\/product"}],"about":[{"href":"https:\/\/kervanmagazacilik.com\/index.php\/wp-json\/wp\/v2\/types\/product"}],"wp:featuredmedia":[{"embeddable":true,"href":"https:\/\/kervanmagazacilik.com\/index.php\/wp-json\/wp\/v2\/media\/35968"}],"wp:attachment":[{"href":"https:\/\/kervanmagazacilik.com\/index.php\/wp-json\/wp\/v2\/media?parent=35966"}],"wp:term":[{"taxonomy":"product_brand","embeddable":true,"href":"https:\/\/kervanmagazacilik.com\/index.php\/wp-json\/wp\/v2\/product_brand?post=35966"},{"taxonomy":"product_cat","embeddable":true,"href":"https:\/\/kervanmagazacilik.com\/index.php\/wp-json\/wp\/v2\/product_cat?post=35966"},{"taxonomy":"product_tag","embeddable":true,"href":"https:\/\/kervanmagazacilik.com\/index.php\/wp-json\/wp\/v2\/product_tag?post=35966"}],"curies":[{"name":"wp","href":"https:\/\/api.w.org\/{rel}","templated":true}]}}