{"id":35806,"date":"2026-02-25T15:15:49","date_gmt":"2026-02-25T12:15:49","guid":{"rendered":"https:\/\/kervanmagazacilik.com\/?post_type=product&#038;p=35806"},"modified":"2026-02-25T15:20:47","modified_gmt":"2026-02-25T12:20:47","slug":"759eaz000599","status":"publish","type":"product","link":"https:\/\/kervanmagazacilik.com\/index.php\/urun\/759eaz000599\/","title":{"rendered":"759EAZ000599"},"content":{"rendered":"<p style=\"text-align: left;\">759EAZ000599<\/p>\n<p>2273 MARA \u00c7ay\/Kahve Ka\u015f\u0131\u011f\u0131<\/p>\n<p>&nbsp;<\/p>\n","protected":false},"excerpt":{"rendered":"<p>759EAZ000599 2273 MARA \u00c7ay\/Kahve Ka\u015f\u0131\u011f\u0131 &nbsp;<\/p>\n","protected":false},"featured_media":35807,"template":"","meta":[],"product_brand":[],"product_cat":[4512],"product_tag":[7709],"class_list":{"0":"post-35806","1":"product","2":"type-product","3":"status-publish","4":"has-post-thumbnail","6":"product_cat-759eaz","7":"product_tag-759eaz000599","9":"first","10":"instock","11":"taxable","12":"shipping-taxable","13":"product-type-simple"},"_links":{"self":[{"href":"https:\/\/kervanmagazacilik.com\/index.php\/wp-json\/wp\/v2\/product\/35806","targetHints":{"allow":["GET"]}}],"collection":[{"href":"https:\/\/kervanmagazacilik.com\/index.php\/wp-json\/wp\/v2\/product"}],"about":[{"href":"https:\/\/kervanmagazacilik.com\/index.php\/wp-json\/wp\/v2\/types\/product"}],"wp:featuredmedia":[{"embeddable":true,"href":"https:\/\/kervanmagazacilik.com\/index.php\/wp-json\/wp\/v2\/media\/35807"}],"wp:attachment":[{"href":"https:\/\/kervanmagazacilik.com\/index.php\/wp-json\/wp\/v2\/media?parent=35806"}],"wp:term":[{"taxonomy":"product_brand","embeddable":true,"href":"https:\/\/kervanmagazacilik.com\/index.php\/wp-json\/wp\/v2\/product_brand?post=35806"},{"taxonomy":"product_cat","embeddable":true,"href":"https:\/\/kervanmagazacilik.com\/index.php\/wp-json\/wp\/v2\/product_cat?post=35806"},{"taxonomy":"product_tag","embeddable":true,"href":"https:\/\/kervanmagazacilik.com\/index.php\/wp-json\/wp\/v2\/product_tag?post=35806"}],"curies":[{"name":"wp","href":"https:\/\/api.w.org\/{rel}","templated":true}]}}