{"id":35729,"date":"2026-02-24T15:48:04","date_gmt":"2026-02-24T12:48:04","guid":{"rendered":"https:\/\/kervanmagazacilik.com\/?post_type=product&#038;p=35729"},"modified":"2026-02-24T15:48:05","modified_gmt":"2026-02-24T12:48:05","slug":"611ard000010","status":"publish","type":"product","link":"https:\/\/kervanmagazacilik.com\/index.php\/urun\/611ard000010\/","title":{"rendered":"611ARD000010"},"content":{"rendered":"<p>611ARD000010<\/p>\n<p>DRIFTWOOD \u00dc\u00c7L\u00dc KOLTUK KREM 110x243x93cm 45\/A376S\/0-6932 476 RUSSET<\/p>\n<p>&nbsp;<\/p>\n","protected":false},"excerpt":{"rendered":"<p>611ARD000010 DRIFTWOOD \u00dc\u00c7L\u00dc KOLTUK KREM 110x243x93cm 45\/A376S\/0-6932 476 RUSSET &nbsp;<\/p>\n","protected":false},"featured_media":35730,"template":"","meta":[],"product_brand":[],"product_cat":[5294],"product_tag":[7687],"class_list":{"0":"post-35729","1":"product","2":"type-product","3":"status-publish","4":"has-post-thumbnail","6":"product_cat-611ard","7":"product_tag-611ard000010","9":"first","10":"instock","11":"taxable","12":"shipping-taxable","13":"product-type-simple"},"_links":{"self":[{"href":"https:\/\/kervanmagazacilik.com\/index.php\/wp-json\/wp\/v2\/product\/35729","targetHints":{"allow":["GET"]}}],"collection":[{"href":"https:\/\/kervanmagazacilik.com\/index.php\/wp-json\/wp\/v2\/product"}],"about":[{"href":"https:\/\/kervanmagazacilik.com\/index.php\/wp-json\/wp\/v2\/types\/product"}],"wp:featuredmedia":[{"embeddable":true,"href":"https:\/\/kervanmagazacilik.com\/index.php\/wp-json\/wp\/v2\/media\/35730"}],"wp:attachment":[{"href":"https:\/\/kervanmagazacilik.com\/index.php\/wp-json\/wp\/v2\/media?parent=35729"}],"wp:term":[{"taxonomy":"product_brand","embeddable":true,"href":"https:\/\/kervanmagazacilik.com\/index.php\/wp-json\/wp\/v2\/product_brand?post=35729"},{"taxonomy":"product_cat","embeddable":true,"href":"https:\/\/kervanmagazacilik.com\/index.php\/wp-json\/wp\/v2\/product_cat?post=35729"},{"taxonomy":"product_tag","embeddable":true,"href":"https:\/\/kervanmagazacilik.com\/index.php\/wp-json\/wp\/v2\/product_tag?post=35729"}],"curies":[{"name":"wp","href":"https:\/\/api.w.org\/{rel}","templated":true}]}}