{"id":35677,"date":"2026-02-17T14:15:04","date_gmt":"2026-02-17T11:15:04","guid":{"rendered":"https:\/\/kervanmagazacilik.com\/?post_type=product&#038;p=35677"},"modified":"2026-02-17T14:15:05","modified_gmt":"2026-02-17T11:15:05","slug":"720bhr000110","status":"publish","type":"product","link":"https:\/\/kervanmagazacilik.com\/index.php\/urun\/720bhr000110\/","title":{"rendered":"720BHR000110"},"content":{"rendered":"<p><strong>720BHR000110<\/strong><\/p>\n<p>LES\u0130 MASA LAMBASI KREM ESK\u0130TME 45X70 CM<\/p>\n<p>MALZEME: Polyester<br \/>\nKuru bezle toz al\u0131nmal\u0131d\u0131r<\/p>\n","protected":false},"excerpt":{"rendered":"<p>720BHR000110 LES\u0130 MASA LAMBASI KREM ESK\u0130TME 45X70 CM MALZEME: Polyester Kuru bezle toz al\u0131nmal\u0131d\u0131r<\/p>\n","protected":false},"featured_media":35678,"template":"","meta":[],"product_brand":[],"product_cat":[176],"product_tag":[7674],"class_list":{"0":"post-35677","1":"product","2":"type-product","3":"status-publish","4":"has-post-thumbnail","6":"product_cat-720bhr","7":"product_tag-720bhr000110","9":"first","10":"instock","11":"taxable","12":"shipping-taxable","13":"product-type-simple"},"_links":{"self":[{"href":"https:\/\/kervanmagazacilik.com\/index.php\/wp-json\/wp\/v2\/product\/35677","targetHints":{"allow":["GET"]}}],"collection":[{"href":"https:\/\/kervanmagazacilik.com\/index.php\/wp-json\/wp\/v2\/product"}],"about":[{"href":"https:\/\/kervanmagazacilik.com\/index.php\/wp-json\/wp\/v2\/types\/product"}],"wp:featuredmedia":[{"embeddable":true,"href":"https:\/\/kervanmagazacilik.com\/index.php\/wp-json\/wp\/v2\/media\/35678"}],"wp:attachment":[{"href":"https:\/\/kervanmagazacilik.com\/index.php\/wp-json\/wp\/v2\/media?parent=35677"}],"wp:term":[{"taxonomy":"product_brand","embeddable":true,"href":"https:\/\/kervanmagazacilik.com\/index.php\/wp-json\/wp\/v2\/product_brand?post=35677"},{"taxonomy":"product_cat","embeddable":true,"href":"https:\/\/kervanmagazacilik.com\/index.php\/wp-json\/wp\/v2\/product_cat?post=35677"},{"taxonomy":"product_tag","embeddable":true,"href":"https:\/\/kervanmagazacilik.com\/index.php\/wp-json\/wp\/v2\/product_tag?post=35677"}],"curies":[{"name":"wp","href":"https:\/\/api.w.org\/{rel}","templated":true}]}}