{"id":35671,"date":"2026-02-17T14:00:00","date_gmt":"2026-02-17T11:00:00","guid":{"rendered":"https:\/\/kervanmagazacilik.com\/?post_type=product&#038;p=35671"},"modified":"2026-02-17T14:00:01","modified_gmt":"2026-02-17T11:00:01","slug":"720arp000027","status":"publish","type":"product","link":"https:\/\/kervanmagazacilik.com\/index.php\/urun\/720arp000027\/","title":{"rendered":"720ARP000027"},"content":{"rendered":"<p><strong>720ARP000027<\/strong><\/p>\n<p>NORA ABAJUR K\u00dc\u00c7\u00dcK 44X57 CM KREM-GOLD<\/p>\n<p>MALZEME: %100 POLYESTER<br \/>\n\u00d6l\u00e7\u00fcler +\/- 5 cm de\u011fi\u015fkenlik g\u00f6sterebilir<br \/>\nKURU BEZ \u0130LE TOZ ALINMALIDIR<\/p>\n","protected":false},"excerpt":{"rendered":"<p>720ARP000027 NORA ABAJUR K\u00dc\u00c7\u00dcK 44X57 CM KREM-GOLD MALZEME: %100 POLYESTER \u00d6l\u00e7\u00fcler +\/- 5 cm de\u011fi\u015fkenlik g\u00f6sterebilir KURU BEZ \u0130LE TOZ ALINMALIDIR<\/p>\n","protected":false},"featured_media":35672,"template":"","meta":[],"product_brand":[],"product_cat":[175],"product_tag":[7672],"class_list":{"0":"post-35671","1":"product","2":"type-product","3":"status-publish","4":"has-post-thumbnail","6":"product_cat-720arp","7":"product_tag-720arp000027","9":"first","10":"instock","11":"taxable","12":"shipping-taxable","13":"product-type-simple"},"_links":{"self":[{"href":"https:\/\/kervanmagazacilik.com\/index.php\/wp-json\/wp\/v2\/product\/35671","targetHints":{"allow":["GET"]}}],"collection":[{"href":"https:\/\/kervanmagazacilik.com\/index.php\/wp-json\/wp\/v2\/product"}],"about":[{"href":"https:\/\/kervanmagazacilik.com\/index.php\/wp-json\/wp\/v2\/types\/product"}],"wp:featuredmedia":[{"embeddable":true,"href":"https:\/\/kervanmagazacilik.com\/index.php\/wp-json\/wp\/v2\/media\/35672"}],"wp:attachment":[{"href":"https:\/\/kervanmagazacilik.com\/index.php\/wp-json\/wp\/v2\/media?parent=35671"}],"wp:term":[{"taxonomy":"product_brand","embeddable":true,"href":"https:\/\/kervanmagazacilik.com\/index.php\/wp-json\/wp\/v2\/product_brand?post=35671"},{"taxonomy":"product_cat","embeddable":true,"href":"https:\/\/kervanmagazacilik.com\/index.php\/wp-json\/wp\/v2\/product_cat?post=35671"},{"taxonomy":"product_tag","embeddable":true,"href":"https:\/\/kervanmagazacilik.com\/index.php\/wp-json\/wp\/v2\/product_tag?post=35671"}],"curies":[{"name":"wp","href":"https:\/\/api.w.org\/{rel}","templated":true}]}}