{"id":35652,"date":"2026-02-16T09:02:51","date_gmt":"2026-02-16T06:02:51","guid":{"rendered":"https:\/\/kervanmagazacilik.com\/?post_type=product&#038;p=35652"},"modified":"2026-02-16T09:02:52","modified_gmt":"2026-02-16T06:02:52","slug":"611vr0000048","status":"publish","type":"product","link":"https:\/\/kervanmagazacilik.com\/index.php\/urun\/611vr0000048\/","title":{"rendered":"611VR0000048"},"content":{"rendered":"<p><strong>611VR0000048<\/strong><\/p>\n<p>PERA KOLTUK TAKIMI 3+1+1+SEHPA ( ATA)<\/p>\n<p>\u00dc\u00c7L\u00dc KOLTUK :75x200x70cm<\/p>\n<p>TEKL\u0130 KOLTUK : 75x80x70cm<\/p>\n<p>SEHPA : 80x140x62cm<\/p>\n","protected":false},"excerpt":{"rendered":"<p>611VR0000048 PERA KOLTUK TAKIMI 3+1+1+SEHPA ( ATA) \u00dc\u00c7L\u00dc KOLTUK :75x200x70cm TEKL\u0130 KOLTUK : 75x80x70cm SEHPA : 80x140x62cm<\/p>\n","protected":false},"featured_media":35653,"template":"","meta":[],"product_brand":[],"product_cat":[54],"product_tag":[7669],"class_list":{"0":"post-35652","1":"product","2":"type-product","3":"status-publish","4":"has-post-thumbnail","6":"product_cat-611vr","7":"product_tag-611vr0000048","9":"first","10":"instock","11":"taxable","12":"shipping-taxable","13":"product-type-simple"},"_links":{"self":[{"href":"https:\/\/kervanmagazacilik.com\/index.php\/wp-json\/wp\/v2\/product\/35652","targetHints":{"allow":["GET"]}}],"collection":[{"href":"https:\/\/kervanmagazacilik.com\/index.php\/wp-json\/wp\/v2\/product"}],"about":[{"href":"https:\/\/kervanmagazacilik.com\/index.php\/wp-json\/wp\/v2\/types\/product"}],"wp:featuredmedia":[{"embeddable":true,"href":"https:\/\/kervanmagazacilik.com\/index.php\/wp-json\/wp\/v2\/media\/35653"}],"wp:attachment":[{"href":"https:\/\/kervanmagazacilik.com\/index.php\/wp-json\/wp\/v2\/media?parent=35652"}],"wp:term":[{"taxonomy":"product_brand","embeddable":true,"href":"https:\/\/kervanmagazacilik.com\/index.php\/wp-json\/wp\/v2\/product_brand?post=35652"},{"taxonomy":"product_cat","embeddable":true,"href":"https:\/\/kervanmagazacilik.com\/index.php\/wp-json\/wp\/v2\/product_cat?post=35652"},{"taxonomy":"product_tag","embeddable":true,"href":"https:\/\/kervanmagazacilik.com\/index.php\/wp-json\/wp\/v2\/product_tag?post=35652"}],"curies":[{"name":"wp","href":"https:\/\/api.w.org\/{rel}","templated":true}]}}