{"id":35633,"date":"2026-02-12T16:27:39","date_gmt":"2026-02-12T13:27:39","guid":{"rendered":"https:\/\/kervanmagazacilik.com\/?post_type=product&#038;p=35633"},"modified":"2026-02-12T16:27:39","modified_gmt":"2026-02-12T13:27:39","slug":"611vr0000050","status":"publish","type":"product","link":"https:\/\/kervanmagazacilik.com\/index.php\/urun\/611vr0000050\/","title":{"rendered":"611VR0000050"},"content":{"rendered":"<p>611VR0000050<\/p>\n<p>M\u0130NA YEMEK MASA + 6 ADET SANDALYE<\/p>\n<p>MASA \u00d6L\u00c7\u00dc : 100x200x77cm<\/p>\n<p>SANDALYE \u00d6L\u00c7\u00dc : 60x64x73cm<\/p>\n","protected":false},"excerpt":{"rendered":"<p>611VR0000050 M\u0130NA YEMEK MASA + 6 ADET SANDALYE MASA \u00d6L\u00c7\u00dc : 100x200x77cm SANDALYE \u00d6L\u00c7\u00dc : 60x64x73cm<\/p>\n","protected":false},"featured_media":35634,"template":"","meta":[],"product_brand":[],"product_cat":[54],"product_tag":[7663],"class_list":{"0":"post-35633","1":"product","2":"type-product","3":"status-publish","4":"has-post-thumbnail","6":"product_cat-611vr","7":"product_tag-611vr0000050","9":"first","10":"instock","11":"taxable","12":"shipping-taxable","13":"product-type-simple"},"_links":{"self":[{"href":"https:\/\/kervanmagazacilik.com\/index.php\/wp-json\/wp\/v2\/product\/35633","targetHints":{"allow":["GET"]}}],"collection":[{"href":"https:\/\/kervanmagazacilik.com\/index.php\/wp-json\/wp\/v2\/product"}],"about":[{"href":"https:\/\/kervanmagazacilik.com\/index.php\/wp-json\/wp\/v2\/types\/product"}],"wp:featuredmedia":[{"embeddable":true,"href":"https:\/\/kervanmagazacilik.com\/index.php\/wp-json\/wp\/v2\/media\/35634"}],"wp:attachment":[{"href":"https:\/\/kervanmagazacilik.com\/index.php\/wp-json\/wp\/v2\/media?parent=35633"}],"wp:term":[{"taxonomy":"product_brand","embeddable":true,"href":"https:\/\/kervanmagazacilik.com\/index.php\/wp-json\/wp\/v2\/product_brand?post=35633"},{"taxonomy":"product_cat","embeddable":true,"href":"https:\/\/kervanmagazacilik.com\/index.php\/wp-json\/wp\/v2\/product_cat?post=35633"},{"taxonomy":"product_tag","embeddable":true,"href":"https:\/\/kervanmagazacilik.com\/index.php\/wp-json\/wp\/v2\/product_tag?post=35633"}],"curies":[{"name":"wp","href":"https:\/\/api.w.org\/{rel}","templated":true}]}}