{"id":35627,"date":"2026-02-12T16:24:51","date_gmt":"2026-02-12T13:24:51","guid":{"rendered":"https:\/\/kervanmagazacilik.com\/?post_type=product&#038;p=35627"},"modified":"2026-02-12T16:24:53","modified_gmt":"2026-02-12T13:24:53","slug":"611vr0000049","status":"publish","type":"product","link":"https:\/\/kervanmagazacilik.com\/index.php\/urun\/611vr0000049\/","title":{"rendered":"611VR0000049"},"content":{"rendered":"<p>611VR0000049<\/p>\n<p>M\u0130NA KOLTUK TAKIMI 3+1+1+SEHPA<\/p>\n<p>\u00dc\u00c7L\u00dc KOLTUK : 70x188x60 cm<br \/>\nTEKL\u0130 KOLTUK : 70x72x60cm<br \/>\nORTA SEHPA : 80x140x60 cm<\/p>\n","protected":false},"excerpt":{"rendered":"<p>611VR0000049 M\u0130NA KOLTUK TAKIMI 3+1+1+SEHPA \u00dc\u00c7L\u00dc KOLTUK : 70x188x60 cm TEKL\u0130 KOLTUK : 70x72x60cm ORTA SEHPA : 80x140x60 cm<\/p>\n","protected":false},"featured_media":35630,"template":"","meta":[],"product_brand":[],"product_cat":[54],"product_tag":[7662],"class_list":{"0":"post-35627","1":"product","2":"type-product","3":"status-publish","4":"has-post-thumbnail","6":"product_cat-611vr","7":"product_tag-611vr0000049","9":"first","10":"instock","11":"taxable","12":"shipping-taxable","13":"product-type-simple"},"_links":{"self":[{"href":"https:\/\/kervanmagazacilik.com\/index.php\/wp-json\/wp\/v2\/product\/35627","targetHints":{"allow":["GET"]}}],"collection":[{"href":"https:\/\/kervanmagazacilik.com\/index.php\/wp-json\/wp\/v2\/product"}],"about":[{"href":"https:\/\/kervanmagazacilik.com\/index.php\/wp-json\/wp\/v2\/types\/product"}],"wp:featuredmedia":[{"embeddable":true,"href":"https:\/\/kervanmagazacilik.com\/index.php\/wp-json\/wp\/v2\/media\/35630"}],"wp:attachment":[{"href":"https:\/\/kervanmagazacilik.com\/index.php\/wp-json\/wp\/v2\/media?parent=35627"}],"wp:term":[{"taxonomy":"product_brand","embeddable":true,"href":"https:\/\/kervanmagazacilik.com\/index.php\/wp-json\/wp\/v2\/product_brand?post=35627"},{"taxonomy":"product_cat","embeddable":true,"href":"https:\/\/kervanmagazacilik.com\/index.php\/wp-json\/wp\/v2\/product_cat?post=35627"},{"taxonomy":"product_tag","embeddable":true,"href":"https:\/\/kervanmagazacilik.com\/index.php\/wp-json\/wp\/v2\/product_tag?post=35627"}],"curies":[{"name":"wp","href":"https:\/\/api.w.org\/{rel}","templated":true}]}}