{"id":35626,"date":"2026-02-12T16:22:48","date_gmt":"2026-02-12T13:22:48","guid":{"rendered":"https:\/\/kervanmagazacilik.com\/?post_type=product&#038;p=35626"},"modified":"2026-02-12T16:22:49","modified_gmt":"2026-02-12T13:22:49","slug":"611ydgn00329","status":"publish","type":"product","link":"https:\/\/kervanmagazacilik.com\/index.php\/urun\/611ydgn00329\/","title":{"rendered":"611YDGN00329"},"content":{"rendered":"<p>611YDGN00329<\/p>\n<p>LAUREN SA\u011e K\u00d6\u015eE KOLTUK 100x190x315x83cm<\/p>\n","protected":false},"excerpt":{"rendered":"<p>611YDGN00329 LAUREN SA\u011e K\u00d6\u015eE KOLTUK 100x190x315x83cm<\/p>\n","protected":false},"featured_media":35628,"template":"","meta":[],"product_brand":[],"product_cat":[5750],"product_tag":[7661],"class_list":{"0":"post-35626","1":"product","2":"type-product","3":"status-publish","4":"has-post-thumbnail","6":"product_cat-611ydgn","7":"product_tag-611ydgn00329","9":"first","10":"instock","11":"taxable","12":"shipping-taxable","13":"product-type-simple"},"_links":{"self":[{"href":"https:\/\/kervanmagazacilik.com\/index.php\/wp-json\/wp\/v2\/product\/35626","targetHints":{"allow":["GET"]}}],"collection":[{"href":"https:\/\/kervanmagazacilik.com\/index.php\/wp-json\/wp\/v2\/product"}],"about":[{"href":"https:\/\/kervanmagazacilik.com\/index.php\/wp-json\/wp\/v2\/types\/product"}],"wp:featuredmedia":[{"embeddable":true,"href":"https:\/\/kervanmagazacilik.com\/index.php\/wp-json\/wp\/v2\/media\/35628"}],"wp:attachment":[{"href":"https:\/\/kervanmagazacilik.com\/index.php\/wp-json\/wp\/v2\/media?parent=35626"}],"wp:term":[{"taxonomy":"product_brand","embeddable":true,"href":"https:\/\/kervanmagazacilik.com\/index.php\/wp-json\/wp\/v2\/product_brand?post=35626"},{"taxonomy":"product_cat","embeddable":true,"href":"https:\/\/kervanmagazacilik.com\/index.php\/wp-json\/wp\/v2\/product_cat?post=35626"},{"taxonomy":"product_tag","embeddable":true,"href":"https:\/\/kervanmagazacilik.com\/index.php\/wp-json\/wp\/v2\/product_tag?post=35626"}],"curies":[{"name":"wp","href":"https:\/\/api.w.org\/{rel}","templated":true}]}}