{"id":35621,"date":"2026-02-12T15:31:50","date_gmt":"2026-02-12T12:31:50","guid":{"rendered":"https:\/\/kervanmagazacilik.com\/?post_type=product&#038;p=35621"},"modified":"2026-02-12T15:31:50","modified_gmt":"2026-02-12T12:31:50","slug":"241063027574","status":"publish","type":"product","link":"https:\/\/kervanmagazacilik.com\/index.php\/urun\/241063027574\/","title":{"rendered":"241063027574"},"content":{"rendered":"<p>241063027574<\/p>\n<p>NEGALL 45&#215;160 RUNNER CAMEL<\/p>\n<p>Kuma\u015f; %100 Polyester<br \/>\nAksesuar; %100 Polyester<br \/>\nSadece kuru temizleme yap\u0131lmal\u0131d\u0131r<\/p>\n<p>ALT GRUP: YATAK ODASI TEKST\u0130L\u0130<\/p>\n<p>\u015eAL: 90X250 CM<br \/>\nYASTIK: 35X80 CM (1ADET)<br \/>\nYASTIK: 55X55 CM (3 ADET)<\/p>\n","protected":false},"excerpt":{"rendered":"<p>241063027574 NEGALL 45&#215;160 RUNNER CAMEL Kuma\u015f; %100 Polyester Aksesuar; %100 Polyester Sadece kuru temizleme yap\u0131lmal\u0131d\u0131r ALT GRUP: YATAK ODASI TEKST\u0130L\u0130 \u015eAL: 90X250 CM YASTIK: 35X80 CM (1ADET) YASTIK: 55X55 CM (3 ADET)<\/p>\n","protected":false},"featured_media":35622,"template":"","meta":[],"product_brand":[],"product_cat":[3250],"product_tag":[7659],"class_list":{"0":"post-35621","1":"product","2":"type-product","3":"status-publish","4":"has-post-thumbnail","6":"product_cat-3250","7":"product_tag-7659","9":"first","10":"instock","11":"taxable","12":"shipping-taxable","13":"product-type-simple"},"_links":{"self":[{"href":"https:\/\/kervanmagazacilik.com\/index.php\/wp-json\/wp\/v2\/product\/35621","targetHints":{"allow":["GET"]}}],"collection":[{"href":"https:\/\/kervanmagazacilik.com\/index.php\/wp-json\/wp\/v2\/product"}],"about":[{"href":"https:\/\/kervanmagazacilik.com\/index.php\/wp-json\/wp\/v2\/types\/product"}],"wp:featuredmedia":[{"embeddable":true,"href":"https:\/\/kervanmagazacilik.com\/index.php\/wp-json\/wp\/v2\/media\/35622"}],"wp:attachment":[{"href":"https:\/\/kervanmagazacilik.com\/index.php\/wp-json\/wp\/v2\/media?parent=35621"}],"wp:term":[{"taxonomy":"product_brand","embeddable":true,"href":"https:\/\/kervanmagazacilik.com\/index.php\/wp-json\/wp\/v2\/product_brand?post=35621"},{"taxonomy":"product_cat","embeddable":true,"href":"https:\/\/kervanmagazacilik.com\/index.php\/wp-json\/wp\/v2\/product_cat?post=35621"},{"taxonomy":"product_tag","embeddable":true,"href":"https:\/\/kervanmagazacilik.com\/index.php\/wp-json\/wp\/v2\/product_tag?post=35621"}],"curies":[{"name":"wp","href":"https:\/\/api.w.org\/{rel}","templated":true}]}}