{"id":35618,"date":"2026-02-12T16:19:55","date_gmt":"2026-02-12T13:19:55","guid":{"rendered":"https:\/\/kervanmagazacilik.com\/?post_type=product&#038;p=35618"},"modified":"2026-02-12T16:19:55","modified_gmt":"2026-02-12T13:19:55","slug":"611ydgn00328","status":"publish","type":"product","link":"https:\/\/kervanmagazacilik.com\/index.php\/urun\/611ydgn00328\/","title":{"rendered":"611YDGN00328"},"content":{"rendered":"<p>611YDGN00328<\/p>\n<p>LAUREN \u00dc\u00c7L\u00dc KOLTUK 100x250x83cm + PUF 82x102x50cm<\/p>\n","protected":false},"excerpt":{"rendered":"<p>611YDGN00328 LAUREN \u00dc\u00c7L\u00dc KOLTUK 100x250x83cm + PUF 82x102x50cm<\/p>\n","protected":false},"featured_media":35624,"template":"","meta":[],"product_brand":[],"product_cat":[5750],"product_tag":[7660],"class_list":{"0":"post-35618","1":"product","2":"type-product","3":"status-publish","4":"has-post-thumbnail","6":"product_cat-611ydgn","7":"product_tag-611ydgn00328","9":"first","10":"instock","11":"taxable","12":"shipping-taxable","13":"product-type-simple"},"_links":{"self":[{"href":"https:\/\/kervanmagazacilik.com\/index.php\/wp-json\/wp\/v2\/product\/35618","targetHints":{"allow":["GET"]}}],"collection":[{"href":"https:\/\/kervanmagazacilik.com\/index.php\/wp-json\/wp\/v2\/product"}],"about":[{"href":"https:\/\/kervanmagazacilik.com\/index.php\/wp-json\/wp\/v2\/types\/product"}],"wp:featuredmedia":[{"embeddable":true,"href":"https:\/\/kervanmagazacilik.com\/index.php\/wp-json\/wp\/v2\/media\/35624"}],"wp:attachment":[{"href":"https:\/\/kervanmagazacilik.com\/index.php\/wp-json\/wp\/v2\/media?parent=35618"}],"wp:term":[{"taxonomy":"product_brand","embeddable":true,"href":"https:\/\/kervanmagazacilik.com\/index.php\/wp-json\/wp\/v2\/product_brand?post=35618"},{"taxonomy":"product_cat","embeddable":true,"href":"https:\/\/kervanmagazacilik.com\/index.php\/wp-json\/wp\/v2\/product_cat?post=35618"},{"taxonomy":"product_tag","embeddable":true,"href":"https:\/\/kervanmagazacilik.com\/index.php\/wp-json\/wp\/v2\/product_tag?post=35618"}],"curies":[{"name":"wp","href":"https:\/\/api.w.org\/{rel}","templated":true}]}}