{"id":35613,"date":"2026-02-12T15:25:42","date_gmt":"2026-02-12T12:25:42","guid":{"rendered":"https:\/\/kervanmagazacilik.com\/?post_type=product&#038;p=35613"},"modified":"2026-02-12T15:25:43","modified_gmt":"2026-02-12T12:25:43","slug":"759bhr000008","status":"publish","type":"product","link":"https:\/\/kervanmagazacilik.com\/index.php\/urun\/759bhr000008\/","title":{"rendered":"759BHR000008"},"content":{"rendered":"<p>759BHR000008<\/p>\n<p>MARE JARD\u0130NYER GOLD ESK\u0130TME \u00c7AP:36 CM H:7 CM (STK-8)<\/p>\n<p>MALZEME: Polyester-Ayna<br \/>\nKuru bezle toz al\u0131nmal\u0131d\u0131r<\/p>\n","protected":false},"excerpt":{"rendered":"<p>759BHR000008 MARE JARD\u0130NYER GOLD ESK\u0130TME \u00c7AP:36 CM H:7 CM (STK-8) MALZEME: Polyester-Ayna Kuru bezle toz al\u0131nmal\u0131d\u0131r<\/p>\n","protected":false},"featured_media":35616,"template":"","meta":[],"product_brand":[],"product_cat":[210],"product_tag":[7657],"class_list":{"0":"post-35613","1":"product","2":"type-product","3":"status-publish","4":"has-post-thumbnail","6":"product_cat-759bhr","7":"product_tag-759bhr000008","9":"first","10":"instock","11":"taxable","12":"shipping-taxable","13":"product-type-simple"},"_links":{"self":[{"href":"https:\/\/kervanmagazacilik.com\/index.php\/wp-json\/wp\/v2\/product\/35613","targetHints":{"allow":["GET"]}}],"collection":[{"href":"https:\/\/kervanmagazacilik.com\/index.php\/wp-json\/wp\/v2\/product"}],"about":[{"href":"https:\/\/kervanmagazacilik.com\/index.php\/wp-json\/wp\/v2\/types\/product"}],"wp:featuredmedia":[{"embeddable":true,"href":"https:\/\/kervanmagazacilik.com\/index.php\/wp-json\/wp\/v2\/media\/35616"}],"wp:attachment":[{"href":"https:\/\/kervanmagazacilik.com\/index.php\/wp-json\/wp\/v2\/media?parent=35613"}],"wp:term":[{"taxonomy":"product_brand","embeddable":true,"href":"https:\/\/kervanmagazacilik.com\/index.php\/wp-json\/wp\/v2\/product_brand?post=35613"},{"taxonomy":"product_cat","embeddable":true,"href":"https:\/\/kervanmagazacilik.com\/index.php\/wp-json\/wp\/v2\/product_cat?post=35613"},{"taxonomy":"product_tag","embeddable":true,"href":"https:\/\/kervanmagazacilik.com\/index.php\/wp-json\/wp\/v2\/product_tag?post=35613"}],"curies":[{"name":"wp","href":"https:\/\/api.w.org\/{rel}","templated":true}]}}