{"id":35605,"date":"2026-02-12T15:05:48","date_gmt":"2026-02-12T12:05:48","guid":{"rendered":"https:\/\/kervanmagazacilik.com\/?post_type=product&#038;p=35605"},"modified":"2026-02-12T15:05:49","modified_gmt":"2026-02-12T12:05:49","slug":"720bhr000109","status":"publish","type":"product","link":"https:\/\/kervanmagazacilik.com\/index.php\/urun\/720bhr000109\/","title":{"rendered":"720BHR000109"},"content":{"rendered":"<p>720BHR000109<\/p>\n<p>MIKAS LAMBADER GOLD ESK\u0130TME 50X165 CM<\/p>\n<p>MALZEME: Polyester<br \/>\nKuru bezle toz al\u0131nmal\u0131d\u0131r<br \/>\n\u015eAPKA \u00d6L\u00c7\u00dcS\u00dc : 50X30X30 CM<\/p>\n","protected":false},"excerpt":{"rendered":"<p>720BHR000109 MIKAS LAMBADER GOLD ESK\u0130TME 50X165 CM MALZEME: Polyester Kuru bezle toz al\u0131nmal\u0131d\u0131r \u015eAPKA \u00d6L\u00c7\u00dcS\u00dc : 50X30X30 CM<\/p>\n","protected":false},"featured_media":35606,"template":"","meta":[],"product_brand":[],"product_cat":[176],"product_tag":[7654],"class_list":{"0":"post-35605","1":"product","2":"type-product","3":"status-publish","4":"has-post-thumbnail","6":"product_cat-720bhr","7":"product_tag-720bhr000109","9":"first","10":"instock","11":"taxable","12":"shipping-taxable","13":"product-type-simple"},"_links":{"self":[{"href":"https:\/\/kervanmagazacilik.com\/index.php\/wp-json\/wp\/v2\/product\/35605","targetHints":{"allow":["GET"]}}],"collection":[{"href":"https:\/\/kervanmagazacilik.com\/index.php\/wp-json\/wp\/v2\/product"}],"about":[{"href":"https:\/\/kervanmagazacilik.com\/index.php\/wp-json\/wp\/v2\/types\/product"}],"wp:featuredmedia":[{"embeddable":true,"href":"https:\/\/kervanmagazacilik.com\/index.php\/wp-json\/wp\/v2\/media\/35606"}],"wp:attachment":[{"href":"https:\/\/kervanmagazacilik.com\/index.php\/wp-json\/wp\/v2\/media?parent=35605"}],"wp:term":[{"taxonomy":"product_brand","embeddable":true,"href":"https:\/\/kervanmagazacilik.com\/index.php\/wp-json\/wp\/v2\/product_brand?post=35605"},{"taxonomy":"product_cat","embeddable":true,"href":"https:\/\/kervanmagazacilik.com\/index.php\/wp-json\/wp\/v2\/product_cat?post=35605"},{"taxonomy":"product_tag","embeddable":true,"href":"https:\/\/kervanmagazacilik.com\/index.php\/wp-json\/wp\/v2\/product_tag?post=35605"}],"curies":[{"name":"wp","href":"https:\/\/api.w.org\/{rel}","templated":true}]}}