{"id":35596,"date":"2026-02-12T14:57:00","date_gmt":"2026-02-12T11:57:00","guid":{"rendered":"https:\/\/kervanmagazacilik.com\/?post_type=product&#038;p=35596"},"modified":"2026-02-12T14:57:01","modified_gmt":"2026-02-12T11:57:01","slug":"720bhr000106","status":"publish","type":"product","link":"https:\/\/kervanmagazacilik.com\/index.php\/urun\/720bhr000106\/","title":{"rendered":"720BHR000106"},"content":{"rendered":"<p>720BHR000106<\/p>\n<p>COSMOS MASA LAMBASI GOLD ESK\u0130TME 45X75 CM<\/p>\n<p>MALZEME: Polyester<br \/>\nKuru bezle toz al\u0131nmal\u0131d\u0131r<br \/>\n\u015eAPKA \u00d6L\u00c7\u00dcS\u00dc : 45X30X30 CM<\/p>\n","protected":false},"excerpt":{"rendered":"<p>720BHR000106 COSMOS MASA LAMBASI GOLD ESK\u0130TME 45X75 CM MALZEME: Polyester Kuru bezle toz al\u0131nmal\u0131d\u0131r \u015eAPKA \u00d6L\u00c7\u00dcS\u00dc : 45X30X30 CM<\/p>\n","protected":false},"featured_media":35597,"template":"","meta":[],"product_brand":[],"product_cat":[176],"product_tag":[7650],"class_list":{"0":"post-35596","1":"product","2":"type-product","3":"status-publish","4":"has-post-thumbnail","6":"product_cat-720bhr","7":"product_tag-720bhr000106","9":"first","10":"instock","11":"taxable","12":"shipping-taxable","13":"product-type-simple"},"_links":{"self":[{"href":"https:\/\/kervanmagazacilik.com\/index.php\/wp-json\/wp\/v2\/product\/35596","targetHints":{"allow":["GET"]}}],"collection":[{"href":"https:\/\/kervanmagazacilik.com\/index.php\/wp-json\/wp\/v2\/product"}],"about":[{"href":"https:\/\/kervanmagazacilik.com\/index.php\/wp-json\/wp\/v2\/types\/product"}],"wp:featuredmedia":[{"embeddable":true,"href":"https:\/\/kervanmagazacilik.com\/index.php\/wp-json\/wp\/v2\/media\/35597"}],"wp:attachment":[{"href":"https:\/\/kervanmagazacilik.com\/index.php\/wp-json\/wp\/v2\/media?parent=35596"}],"wp:term":[{"taxonomy":"product_brand","embeddable":true,"href":"https:\/\/kervanmagazacilik.com\/index.php\/wp-json\/wp\/v2\/product_brand?post=35596"},{"taxonomy":"product_cat","embeddable":true,"href":"https:\/\/kervanmagazacilik.com\/index.php\/wp-json\/wp\/v2\/product_cat?post=35596"},{"taxonomy":"product_tag","embeddable":true,"href":"https:\/\/kervanmagazacilik.com\/index.php\/wp-json\/wp\/v2\/product_tag?post=35596"}],"curies":[{"name":"wp","href":"https:\/\/api.w.org\/{rel}","templated":true}]}}